{"id":100,"date":"2020-04-29T13:44:37","date_gmt":"2020-04-29T13:44:37","guid":{"rendered":"https:\/\/www.linfinideco.com\/?page_id=100"},"modified":"2020-07-07T20:25:23","modified_gmt":"2020-07-07T20:25:23","slug":"presse","status":"publish","type":"page","link":"https:\/\/www.linfinideco.com\/?page_id=100","title":{"rendered":"Presse"},"content":{"rendered":"<p>[et_pb_section fb_built=\u00a0\u00bb1&Prime; admin_label=\u00a0\u00bbHero Section\u00a0\u00bb _builder_version=\u00a0\u00bb3.22&Prime; custom_padding=\u00a0\u00bb0|0px|0px|0px\u00a0\u00bb][et_pb_row column_structure=\u00a0\u00bb1_2,1_2&Prime; use_custom_gutter=\u00a0\u00bbon\u00a0\u00bb make_equal=\u00a0\u00bbon\u00a0\u00bb _builder_version=\u00a0\u00bb4.4.8&Prime; width=\u00a0\u00bb100%\u00a0\u00bb max_width=\u00a0\u00bb100%\u00a0\u00bb custom_padding=\u00a0\u00bb0px|0|0px|\u00a0\u00bb use_custom_width=\u00a0\u00bbon\u00a0\u00bb width_unit=\u00a0\u00bboff\u00a0\u00bb custom_width_percent=\u00a0\u00bb100%\u00a0\u00bb][et_pb_column type=\u00a0\u00bb1_2&Prime; _builder_version=\u00a0\u00bb4.4.8&Prime; custom_padding=\u00a0\u00bb200px|4%|200px|8%\u00a0\u00bb custom_padding_tablet=\u00a0\u00bb60px|10%|60px|10%\u00a0\u00bb custom_padding_phone=\u00a0\u00bb\u00a0\u00bb custom_padding_last_edited=\u00a0\u00bbon|tablet\u00a0\u00bb padding_tablet=\u00a0\u00bb60px|10%|60px|10%\u00a0\u00bb padding_last_edited=\u00a0\u00bbon|tablet\u00a0\u00bb custom_padding__hover=\u00a0\u00bb|||\u00a0\u00bb][et_pb_text _builder_version=\u00a0\u00bb4.4.7&Prime; text_font=\u00a0\u00bb||||||||\u00a0\u00bb header_font=\u00a0\u00bb||||||||\u00a0\u00bb header_3_font=\u00a0\u00bbKarla|700||on|||||\u00a0\u00bb header_3_text_color=\u00a0\u00bb#c2ab92&Prime; header_3_font_size=\u00a0\u00bb16px\u00a0\u00bb header_3_letter_spacing=\u00a0\u00bb1px\u00a0\u00bb background_layout=\u00a0\u00bbdark\u00a0\u00bb max_width=\u00a0\u00bb600px\u00a0\u00bb module_alignment=\u00a0\u00bbleft\u00a0\u00bb custom_margin=\u00a0\u00bb||20px|\u00a0\u00bb locked=\u00a0\u00bboff\u00a0\u00bb]<\/p>\n<h3>PRESSE<\/h3>\n<p>[\/et_pb_text][et_pb_image src=\u00a0\u00bbhttps:\/\/www.linfinideco.com\/wp-content\/uploads\/2020\/07\/logo-Houzz.png\u00a0\u00bb title_text=\u00a0\u00bblogo Houzz\u00a0\u00bb url=\u00a0\u00bbhttps:\/\/www.houzz.fr\/pro\/linfinideco\/__public\u00a0\u00bb url_new_window=\u00a0\u00bbon\u00a0\u00bb _builder_version=\u00a0\u00bb4.4.8&Prime;][\/et_pb_image][et_pb_image src=\u00a0\u00bbhttps:\/\/www.linfinideco.com\/wp-content\/uploads\/2020\/07\/mmi.png\u00a0\u00bb title_text=\u00a0\u00bbmmi\u00a0\u00bb url=\u00a0\u00bbhttps:\/\/mmi-deco.com\/blog\/les-anciens\/interview-damelia-martinez-goj-linfini-deco\/\u00a0\u00bb url_new_window=\u00a0\u00bbon\u00a0\u00bb _builder_version=\u00a0\u00bb4.4.8&Prime; locked=\u00a0\u00bboff\u00a0\u00bb][\/et_pb_image][\/et_pb_column][et_pb_column type=\u00a0\u00bb1_2&Prime; _builder_version=\u00a0\u00bb4.4.8&Prime; use_background_color_gradient=\u00a0\u00bbon\u00a0\u00bb background_color_gradient_start=\u00a0\u00bbrgba(18,18,18,0.5)\u00a0\u00bb background_color_gradient_end=\u00a0\u00bb#121212&Prime; background_color_gradient_overlays_image=\u00a0\u00bbon\u00a0\u00bb background_image=\u00a0\u00bbhttps:\/\/www.linfinideco.com\/wp-content\/uploads\/2020\/07\/PCHPRO-2019100601-D71_2430_1.jpg\u00a0\u00bb custom_padding=\u00a0\u00bb100px||100px|\u00a0\u00bb custom_padding_tablet=\u00a0\u00bb60px||60px|\u00a0\u00bb custom_padding_phone=\u00a0\u00bb\u00a0\u00bb custom_padding_last_edited=\u00a0\u00bbon|desktop\u00a0\u00bb padding_tablet=\u00a0\u00bb60px||60px|\u00a0\u00bb padding_last_edited=\u00a0\u00bbon|desktop\u00a0\u00bb custom_padding__hover=\u00a0\u00bb|||\u00a0\u00bb][et_pb_image src=\u00a0\u00bbhttps:\/\/www.linfinideco.com\/wp-content\/uploads\/2020\/07\/PCHPRO-2019100601-D71_2430_1.jpg\u00a0\u00bb title_text=\u00a0\u00bbPCHPRO-2019100601-D71_2430_1&Prime; align_tablet=\u00a0\u00bbcenter\u00a0\u00bb align_phone=\u00a0\u00bb\u00a0\u00bb align_last_edited=\u00a0\u00bbon|desktop\u00a0\u00bb _builder_version=\u00a0\u00bb4.4.8&Prime; max_width=\u00a0\u00bb600px\u00a0\u00bb max_width_tablet=\u00a0\u00bb\u00a0\u00bb max_width_phone=\u00a0\u00bb\u00a0\u00bb max_width_last_edited=\u00a0\u00bbon|desktop\u00a0\u00bb custom_margin=\u00a0\u00bb|||-8%\u00a0\u00bb custom_margin_tablet=\u00a0\u00bb60px|60px|60px|60px\u00a0\u00bb custom_margin_phone=\u00a0\u00bb\u00a0\u00bb custom_margin_last_edited=\u00a0\u00bbon|desktop\u00a0\u00bb custom_padding=\u00a0\u00bb|||\u00a0\u00bb animation_style=\u00a0\u00bbslide\u00a0\u00bb animation_direction=\u00a0\u00bbright\u00a0\u00bb animation_intensity_slide=\u00a0\u00bb4%\u00a0\u00bb animation_starting_opacity=\u00a0\u00bb50%\u00a0\u00bb box_shadow_style=\u00a0\u00bbpreset3&Prime; box_shadow_blur=\u00a0\u00bb80px\u00a0\u00bb][\/et_pb_image][\/et_pb_column][\/et_pb_row][\/et_pb_section][et_pb_section fb_built=\u00a0\u00bb1&Prime; admin_label=\u00a0\u00bbWelcome &#038; About Us\u00a0\u00bb _builder_version=\u00a0\u00bb4.4.8&Prime; background_color=\u00a0\u00bb#121212&Prime; use_background_color_gradient=\u00a0\u00bbon\u00a0\u00bb background_color_gradient_start=\u00a0\u00bb#121212&Prime; background_color_gradient_end=\u00a0\u00bbrgba(18,18,18,0.6)\u00a0\u00bb background_color_gradient_start_position=\u00a0\u00bb20%\u00a0\u00bb background_color_gradient_overlays_image=\u00a0\u00bbon\u00a0\u00bb background_image=\u00a0\u00bbhttps:\/\/www.linfinideco.com\/wp-content\/uploads\/2020\/07\/PCHPRO-2019100601-D71_2416-1.jpg\u00a0\u00bb custom_padding=\u00a0\u00bb0.5%|0px|1.9%|0px||\u00a0\u00bb][et_pb_row _builder_version=\u00a0\u00bb3.25&Prime; custom_margin=\u00a0\u00bb|||\u00a0\u00bb custom_padding=\u00a0\u00bb||60px|\u00a0\u00bb animation_style=\u00a0\u00bbfade\u00a0\u00bb][et_pb_column type=\u00a0\u00bb4_4&Prime; _builder_version=\u00a0\u00bb3.25&Prime; custom_padding=\u00a0\u00bb|||\u00a0\u00bb custom_padding__hover=\u00a0\u00bb|||\u00a0\u00bb][et_pb_image src=\u00a0\u00bbhttps:\/\/www.linfinideco.com\/wp-content\/uploads\/2020\/07\/bandeau.png\u00a0\u00bb title_text=\u00a0\u00bbbandeau\u00a0\u00bb _builder_version=\u00a0\u00bb4.4.8&Prime; custom_padding=\u00a0\u00bb0px|||||\u00a0\u00bb][\/et_pb_image][et_pb_text _builder_version=\u00a0\u00bb4.4.9&Prime; text_font=\u00a0\u00bbKarla||||||||\u00a0\u00bb text_font_size=\u00a0\u00bb24px\u00a0\u00bb text_line_height=\u00a0\u00bb2em\u00a0\u00bb header_font=\u00a0\u00bb||||||||\u00a0\u00bb header_4_font=\u00a0\u00bbCormorant Garamond|300||on|||||\u00a0\u00bb header_4_font_size=\u00a0\u00bb13px\u00a0\u00bb header_4_line_height=\u00a0\u00bb1.8em\u00a0\u00bb text_orientation=\u00a0\u00bbcenter\u00a0\u00bb background_layout=\u00a0\u00bbdark\u00a0\u00bb animation_style=\u00a0\u00bbfade\u00a0\u00bb]<\/p>\n<h3 style=\"text-align: left;\"><strong>Ancienne stagiaire MMI-D\u00e9co Paris, ayant fait la formation de d\u00e9corateur &amp; conseiller en design d\u2019espace, Am\u00e9lia Martinez-Goj nous raconte son parcours, ses souvenirs, et la cr\u00e9ation de son entreprise L&rsquo;Infini D\u00e9co.<\/strong><\/h3>\n<p><strong><\/strong><\/p>\n<h3 style=\"text-align: left;\"><span style=\"font-size: 22px;\">Le 23 octobre 2019, par Enzo Di <\/span><span style=\"font-size: 22px;\">Nicolantonio<\/span><\/h3>\n<p><span style=\"font-size: 22px;\"><\/span><\/p>\n<h3 style=\"text-align: left;\"><strong style=\"color: #d8af31; font-size: 22px;\">Que faisais-tu avant de nous rejoindre ? Pourquoi avoir fait une reconversion ?<\/strong><\/h3>\n<h3 style=\"text-align: left;\"><span>Le comportement de l\u2019Humain dans son environnement et la recherche de son bien-\u00eatre ont toujours \u00e9t\u00e9 au centre de mes pr\u00e9occupations.<\/span><\/h3>\n<h3 style=\"text-align: left;\"><span>Dans cette optique ma premi\u00e8re vie professionnelle a \u00e9t\u00e9 dans les ressources humaines pendant 10 ans en France et au Royaume-Uni. De ces exp\u00e9riences, j\u2019ai tir\u00e9 un enseignement riche en relations humaines et en ouverture sur le monde.<\/span><\/h3>\n<h3 style=\"text-align: left;\"><span>En parall\u00e8le, je d\u00e9veloppais des centres d\u2019int\u00e9r\u00eats diff\u00e9rents comme la pratique du Feng shui et le recyclage de meubles anciens. Petit \u00e0 petit, cette nouvelle d\u00e9marche donne un nouveau sens \u00e0 ma vie et la d\u00e9coration d\u2019int\u00e9rieur devient une \u00e9vidence pour moi. C\u2019est ainsi que je d\u00e9cide de suivre une formation dipl\u00f4mante en d\u00e9coration d\u2019int\u00e9rieur et design d\u2019espace.<\/span><\/h3>\n<h3 style=\"text-align: left;\"><span style=\"color: #d8af31;\"><strong>Tu as \u00e9t\u00e9 dipl\u00f4m\u00e9e chez nous, comment s\u2019est d\u00e9roul\u00e9e la formation et quels souvenirs tu en gardes ?<\/strong><\/span><\/h3>\n<h3 style=\"text-align: left;\"><span>La formation a \u00e9t\u00e9 tr\u00e8s intense mais fid\u00e8le \u00e0 ce que j\u2019imaginais et \u00e0 ce qui m\u2019avait \u00e9t\u00e9 dit et pr\u00e9sent\u00e9 lors d\u2019une journ\u00e9e portes ouvertes. Les cours sont bien conduits et le programme se d\u00e9roule de mani\u00e8re logique et coh\u00e9rente. Il y a une solidarit\u00e9 qui se cr\u00e9e entre les \u00e9l\u00e8ves quelque soit l\u2019\u00e2ge et le parcours de chacun et c\u2019est\u00a0 tr\u00e8s appr\u00e9ciable.<\/span><\/h3>\n<h3 style=\"text-align: left;\"><span style=\"color: #d8af31;\"><strong>Quel a \u00e9t\u00e9, pour toi, ton cours \u201ccoup de c\u0153ur\u201d lors de ta formation ? Qu\u2019as-tu pr\u00e9f\u00e9r\u00e9 (logiciels, croquis\u2026) ?<\/strong><\/span><\/h3>\n<h3 style=\"text-align: left;\"><span>J\u2019ai beaucoup appr\u00e9ci\u00e9 l\u2019aspect cr\u00e9atif que l\u2019on doit r\u00e9veiller en nous pour r\u00e9aliser les planches d\u2019ambiance et r\u00e9fl\u00e9chir \u00e0 un nouvel agencement. J\u2019ai \u00e9galement beaucoup aim\u00e9 travailler avec <\/span><span>Autocad<\/span><span> car j\u2019aime allier cr\u00e9ativit\u00e9 et rigueur.<\/span><\/h3>\n<h3 style=\"text-align: left;\"><span>Les cours d\u2019histoire du mobilier et de l\u2019art, sont tr\u00e8s bien men\u00e9s et utiles pour l\u2019apr\u00e8s (dommage qu\u2019il n\u2019y en ait pas plus !).<\/span><\/h3>\n<h3 style=\"text-align: left;\"><span style=\"color: #d8af31;\"><strong>Et aujourd\u2019hui, que fais-tu ? Tu as cr\u00e9\u00e9 ton entreprise ?<\/strong><\/span><\/h3>\n<h3 style=\"text-align: left;\"><span>Suite \u00e0 ma formation et forte de ses nouvelles comp\u00e9tences acquises, j\u2019ai cr\u00e9\u00e9 en f\u00e9vrier 2018 mon agence en d\u00e9coration d\u2019int\u00e9rieur et en design d\u2019espace, L\u2019Infini D\u00e9co.<\/span><\/h3>\n<h3 style=\"text-align: left;\"><span>A travers ce nom \u00ab L\u2019infini D\u00e9co \u00bb, je veux mettre en avant la symbolique de l\u2019infini. D\u2019une part, ce symbole est connu \u00e0 travers le monde pour harmoniser l\u2019\u00e9nergie des lieux et des personnes, d\u2019autre part, les possibilit\u00e9s en d\u00e9coration d\u2019int\u00e9rieur sont si nombreuses qu\u2019elles en sont infinies !<\/span><\/h3>\n<h3 style=\"text-align: left;\"><span style=\"color: #d8af31;\"><strong>Quels sont tes futurs projets par rapport \u00e0 ton entreprise ?<\/strong><\/span><\/h3>\n<h3 style=\"text-align: left;\"><span>Depuis la cr\u00e9ation de mon entreprise, j\u2019ai multipli\u00e9 et stabilis\u00e9 mes contacts dans le monde de l\u2019artisanat (b\u00e2timent, tapissiers, menuisiers, etc.), agrandi mon carnet d\u2019adresse en fournisseurs de mobilier, cuisines, salle de bains, luminaires etc. et \u00e9galement d\u00e9velopp\u00e9 des partenariats avec des architectes, notaires, agents immobilier. J\u2019ai eu l\u2019opportunit\u00e9 de r\u00e9aliser de beaux projets pour des particuliers et professionnels.<\/span><\/h3>\n<h3 style=\"text-align: left;\"><span>Aujourd\u2019hui je souhaite consolider ces acquis tout en accroissant mon r\u00e9seau et mes projets. Mon r\u00eave serait de travailler pour la restauration !<\/span><\/h3>\n<h3 style=\"text-align: left;\"><span style=\"color: #d8af31;\"><strong>Enfin, que dirais-tu \u00e0 ceux qui h\u00e9sitent \u00e0 venir faire une reconversion chez nous au sein de MMI-D\u00e9co ?<\/strong><\/span><\/h3>\n<h3 style=\"text-align: left;\"><span>Qu\u2019il ne faut pas compter ses heures, aimer les chiffres et le d\u00e9veloppement commercial, et surtout suivre ses r\u00eaves et continuer \u00e0 r\u00eaver en se faisant du bien !<\/span><\/h3>\n<p>&nbsp;<\/p>\n<h3 style=\"text-align: left;\"><span>Parution sur MMI-D\u00e9co : Entretien Am\u00e9lia Martinez-Goj<\/span><\/h3>\n<p>[\/et_pb_text][\/et_pb_column][\/et_pb_row][\/et_pb_section]<\/p>\n","protected":false},"excerpt":{"rendered":"<p>PRESSEAncienne stagiaire MMI-D\u00e9co Paris, ayant fait la formation de d\u00e9corateur &amp; conseiller en design d\u2019espace, Am\u00e9lia Martinez-Goj nous raconte son parcours, ses souvenirs, et la cr\u00e9ation de son entreprise L&rsquo;Infini D\u00e9co. Le 23 octobre 2019, par Enzo Di Nicolantonio Que faisais-tu avant de nous rejoindre ? Pourquoi avoir fait une reconversion ? Le comportement de [&hellip;]<\/p>\n","protected":false},"author":1,"featured_media":0,"parent":0,"menu_order":0,"comment_status":"closed","ping_status":"closed","template":"","meta":{"_et_pb_use_builder":"on","_et_pb_old_content":"","_et_gb_content_width":"","footnotes":""},"class_list":["post-100","page","type-page","status-publish","hentry"],"_links":{"self":[{"href":"https:\/\/www.linfinideco.com\/index.php?rest_route=\/wp\/v2\/pages\/100","targetHints":{"allow":["GET"]}}],"collection":[{"href":"https:\/\/www.linfinideco.com\/index.php?rest_route=\/wp\/v2\/pages"}],"about":[{"href":"https:\/\/www.linfinideco.com\/index.php?rest_route=\/wp\/v2\/types\/page"}],"author":[{"embeddable":true,"href":"https:\/\/www.linfinideco.com\/index.php?rest_route=\/wp\/v2\/users\/1"}],"replies":[{"embeddable":true,"href":"https:\/\/www.linfinideco.com\/index.php?rest_route=%2Fwp%2Fv2%2Fcomments&post=100"}],"version-history":[{"count":23,"href":"https:\/\/www.linfinideco.com\/index.php?rest_route=\/wp\/v2\/pages\/100\/revisions"}],"predecessor-version":[{"id":658,"href":"https:\/\/www.linfinideco.com\/index.php?rest_route=\/wp\/v2\/pages\/100\/revisions\/658"}],"wp:attachment":[{"href":"https:\/\/www.linfinideco.com\/index.php?rest_route=%2Fwp%2Fv2%2Fmedia&parent=100"}],"curies":[{"name":"wp","href":"https:\/\/api.w.org\/{rel}","templated":true}]}}