{"id":114,"date":"2020-04-29T13:46:00","date_gmt":"2020-04-29T13:46:00","guid":{"rendered":"https:\/\/www.linfinideco.com\/?page_id=114"},"modified":"2022-01-03T10:12:29","modified_gmt":"2022-01-03T10:12:29","slug":"livre-dor","status":"publish","type":"page","link":"https:\/\/www.linfinideco.com\/?page_id=114","title":{"rendered":"Avis"},"content":{"rendered":"<p>[et_pb_section fb_built=\u00a0\u00bb1&Prime; admin_label=\u00a0\u00bbHero Section\u00a0\u00bb _builder_version=\u00a0\u00bb3.22&Prime; custom_padding=\u00a0\u00bb0|0px|0px|0px\u00a0\u00bb global_colors_info=\u00a0\u00bb{}\u00a0\u00bb][et_pb_row column_structure=\u00a0\u00bb1_2,1_2&Prime; use_custom_gutter=\u00a0\u00bbon\u00a0\u00bb make_equal=\u00a0\u00bbon\u00a0\u00bb _builder_version=\u00a0\u00bb4.4.7&Prime; width=\u00a0\u00bb100%\u00a0\u00bb max_width=\u00a0\u00bb100%\u00a0\u00bb custom_padding=\u00a0\u00bb0px|0|0px|\u00a0\u00bb use_custom_width=\u00a0\u00bbon\u00a0\u00bb width_unit=\u00a0\u00bboff\u00a0\u00bb custom_width_percent=\u00a0\u00bb100%\u00a0\u00bb global_colors_info=\u00a0\u00bb{}\u00a0\u00bb][et_pb_column type=\u00a0\u00bb1_2&Prime; _builder_version=\u00a0\u00bb3.25&Prime; custom_padding=\u00a0\u00bb200px|4%|200px|8%\u00a0\u00bb custom_padding_tablet=\u00a0\u00bb60px|10%|60px|10%\u00a0\u00bb custom_padding_phone=\u00a0\u00bb\u00a0\u00bb custom_padding_last_edited=\u00a0\u00bbon|tablet\u00a0\u00bb global_colors_info=\u00a0\u00bb{}\u00a0\u00bb padding_tablet=\u00a0\u00bb60px|10%|60px|10%\u00a0\u00bb padding_last_edited=\u00a0\u00bbon|tablet\u00a0\u00bb custom_padding__hover=\u00a0\u00bb|||\u00a0\u00bb padding_phone=\u00a0\u00bb60px|10%|60px|10%\u00a0\u00bb][et_pb_text _builder_version=\u00a0\u00bb4.4.7&Prime; text_font=\u00a0\u00bb||||||||\u00a0\u00bb header_font=\u00a0\u00bb||||||||\u00a0\u00bb header_3_font=\u00a0\u00bbKarla|700||on|||||\u00a0\u00bb header_3_text_color=\u00a0\u00bb#c2ab92&Prime; header_3_font_size=\u00a0\u00bb16px\u00a0\u00bb header_3_letter_spacing=\u00a0\u00bb1px\u00a0\u00bb background_layout=\u00a0\u00bbdark\u00a0\u00bb max_width=\u00a0\u00bb600px\u00a0\u00bb module_alignment=\u00a0\u00bbleft\u00a0\u00bb custom_margin=\u00a0\u00bb||20px|\u00a0\u00bb locked=\u00a0\u00bboff\u00a0\u00bb global_colors_info=\u00a0\u00bb{}\u00a0\u00bb]<\/p>\n<h3>AVIS<\/h3>\n<p>[\/et_pb_text][et_pb_text _builder_version=\u00a0\u00bb3.27.4&Prime; text_font=\u00a0\u00bbKarla||||||||\u00a0\u00bb text_font_size=\u00a0\u00bb18px\u00a0\u00bb text_line_height=\u00a0\u00bb1.8em\u00a0\u00bb header_font=\u00a0\u00bbCormorant Garamond||||||||\u00a0\u00bb header_font_size=\u00a0\u00bb56px\u00a0\u00bb header_line_height=\u00a0\u00bb1.4em\u00a0\u00bb max_width=\u00a0\u00bb600px\u00a0\u00bb header_font_size_tablet=\u00a0\u00bb40px\u00a0\u00bb header_font_size_phone=\u00a0\u00bb\u00a0\u00bb header_font_size_last_edited=\u00a0\u00bbon|tablet\u00a0\u00bb locked=\u00a0\u00bboff\u00a0\u00bb global_colors_info=\u00a0\u00bb{}\u00a0\u00bb]<\/p>\n<p>Tous les t\u00e9moignages des clients pr\u00e9sents sur ce site sont r\u00e9els et bas\u00e9s sur des prestations effectu\u00e9es.<\/p>\n<p>[\/et_pb_text][\/et_pb_column][et_pb_column type=\u00a0\u00bb1_2&Prime; _builder_version=\u00a0\u00bb4.4.7&Prime; background_color=\u00a0\u00bb#121212&Prime; use_background_color_gradient=\u00a0\u00bbon\u00a0\u00bb background_color_gradient_start=\u00a0\u00bbrgba(18,18,18,0.5)\u00a0\u00bb background_color_gradient_end=\u00a0\u00bb#121212&Prime; background_color_gradient_overlays_image=\u00a0\u00bbon\u00a0\u00bb background_image=\u00a0\u00bbhttps:\/\/www.linfinideco.com\/wp-content\/uploads\/2020\/06\/ce18ac6ec6c1feea8e7fcb322a0f515715ae6fcc_PCHPRO-202002231-PCHPRO2020031201-_DSC1940.jpg\u00a0\u00bb custom_padding=\u00a0\u00bb100px||100px|\u00a0\u00bb custom_padding_tablet=\u00a0\u00bb60px||60px|\u00a0\u00bb custom_padding_phone=\u00a0\u00bb\u00a0\u00bb custom_padding_last_edited=\u00a0\u00bbon|desktop\u00a0\u00bb global_colors_info=\u00a0\u00bb{}\u00a0\u00bb padding_tablet=\u00a0\u00bb60px||60px|\u00a0\u00bb padding_last_edited=\u00a0\u00bbon|desktop\u00a0\u00bb custom_padding__hover=\u00a0\u00bb|||\u00a0\u00bb padding_phone=\u00a0\u00bb60px||60px|\u00a0\u00bb][et_pb_divider show_divider=\u00a0\u00bboff\u00a0\u00bb _builder_version=\u00a0\u00bb3.2&Prime; height=\u00a0\u00bb100px\u00a0\u00bb global_colors_info=\u00a0\u00bb{}\u00a0\u00bb][\/et_pb_divider][\/et_pb_column][\/et_pb_row][\/et_pb_section][et_pb_section fb_built=\u00a0\u00bb1&Prime; admin_label=\u00a0\u00bbServices\u00a0\u00bb _builder_version=\u00a0\u00bb4.4.7&Prime; background_color=\u00a0\u00bb#121212&Prime; custom_padding=\u00a0\u00bb100px|0px|100px|0px\u00a0\u00bb global_colors_info=\u00a0\u00bb{}\u00a0\u00bb][et_pb_row _builder_version=\u00a0\u00bb4.4.7&Prime; width=\u00a0\u00bb100%\u00a0\u00bb custom_padding=\u00a0\u00bb0|0px|27px|0px\u00a0\u00bb locked=\u00a0\u00bboff\u00a0\u00bb global_colors_info=\u00a0\u00bb{}\u00a0\u00bb][et_pb_column type=\u00a0\u00bb4_4&Prime; _builder_version=\u00a0\u00bb3.25&Prime; custom_padding=\u00a0\u00bb|||\u00a0\u00bb global_colors_info=\u00a0\u00bb{}\u00a0\u00bb custom_padding__hover=\u00a0\u00bb|||\u00a0\u00bb][et_pb_text _builder_version=\u00a0\u00bb4.4.7&Prime; text_font=\u00a0\u00bbKarla||||||||\u00a0\u00bb text_text_color=\u00a0\u00bbrgba(255,255,255,0.7)\u00a0\u00bb text_font_size=\u00a0\u00bb18px\u00a0\u00bb text_line_height=\u00a0\u00bb1.8em\u00a0\u00bb header_font=\u00a0\u00bb||||||||\u00a0\u00bb header_2_font=\u00a0\u00bbCormorant Garamond||||||||\u00a0\u00bb header_2_font_size=\u00a0\u00bb40px\u00a0\u00bb header_2_line_height=\u00a0\u00bb1.4em\u00a0\u00bb header_3_font=\u00a0\u00bb||||||||\u00a0\u00bb background_layout=\u00a0\u00bbdark\u00a0\u00bb max_width=\u00a0\u00bb1100px\u00a0\u00bb custom_margin=\u00a0\u00bb|40px||40px|false|false\u00a0\u00bb custom_padding=\u00a0\u00bb|0px||||\u00a0\u00bb locked=\u00a0\u00bboff\u00a0\u00bb global_colors_info=\u00a0\u00bb{}\u00a0\u00bb]<\/p>\n<p>Nous sommes tr\u00e8s contents du r\u00e9sultat \u2b50\ufe0f\u2764\ufe0f\ud83c\udfb6et nous vous remercions pour votre inspiration, votre patience, votre \u00e9coute et le suivi du chantier.<br \/>Nous nous sentons bien chez nous \ud83d\ude0a . Auguste est tr\u00e8s satisfait des am\u00e9nagements HiFi &amp; TV. Nous commen\u00e7ons \u00e0 \u00e9couter nos disques avec plaisir.<\/p>\n<p>Nous penserons \u00e0 vous quand nous d\u00e9ciderons de continuer les am\u00e9nagements et la d\u00e9coration de l\u2019appartement. Bravo!!!<\/p>\n<p><span style=\"color: rgba(224, 178, 80, 0.91);\"><strong>V\u00e9ronique B. (d\u00e9cembre 2021)<\/strong><\/span><\/p>\n<p style=\"text-align: justify;\">\n<p style=\"text-align: justify;\">Excellente exp\u00e9rience!! Tr\u00e8s bonne \u00e9coute, Am\u00e9lia arrive \u00e0 cerner les d\u00e9sirs des clients, elle n&rsquo;h\u00e9site pas \u00e0 \u00eatre force de proposition, tr\u00e8s ouverte \u00e0 la discussion, tr\u00e8s disponible et tr\u00e8s flexible, elle propose de nouvelles alternatives, sort des sentiers battus, patiente, souriante et tr\u00e8s douce. De plus, \u00e0 un tarif tr\u00e8s int\u00e9ressant, nous renouvellerons l\u2019exp\u00e9rience sans h\u00e9siter.<\/p>\n<p style=\"text-align: justify;\"><span style=\"color: rgba(224, 178, 80, 0.91);\"><strong>Asma R. (novembre 2021)<\/strong><\/span><\/p>\n<p style=\"text-align: justify;\">\n<p style=\"text-align: justify;\">J&rsquo;ai contact\u00e9 l&rsquo;Infini D\u00e9co pour la r\u00e9fection de 2 salles de bain et la cr\u00e9ation d&rsquo;un poste de travail et de rangements dans mon s\u00e9jour. Am\u00e9lia Martinez est tr\u00e8s dou\u00e9e pour sugg\u00e9rer des mises en valeur de l&rsquo;espace et vous proposera des plans pour vous projeter au mieux. J&rsquo;ai ador\u00e9 travailler avec elle et son \u00e9quipe. Je refais d&rsquo;ailleurs appel \u00e0 ses services pour la r\u00e9novation compl\u00e8te d&rsquo;un appartement cet \u00e9t\u00e9!\u00a0<span style=\"color: rgba(255, 255, 255, 0.7);\"><\/span><span style=\"background-color: #121212; font-size: 18px;\">Foncez, vous ne serez pas d\u00e9\u00e7us!<\/span><span style=\"background-color: #121212; font-size: 18px;\">\u00a0<\/span><\/p>\n<p style=\"text-align: justify;\"><span style=\"color: rgba(224, 178, 80, 0.91);\"><strong>Sandrine B. (janvier 2021)<\/strong><\/span><\/p>\n<p style=\"text-align: justify;\"><span style=\"color: rgba(255, 255, 255, 0.7);\"><\/span><\/p>\n<p style=\"text-align: justify;\"><span style=\"color: rgba(255, 255, 255, 0.7);\"><a href=\"https:\/\/www.houzz.fr\/viewReview\/1545159\/L-infini-d--co-review\" class=\"review-peekable\" style=\"color: rgba(255, 255, 255, 0.7);\">Une professionnelle de qualit\u00e9, disponible et comp\u00e9tente. Un chantier qui a \u00e9t\u00e9 r\u00e9guli\u00e8rement suivi, jusqu&rsquo;\u00e0 son terme. Le r\u00e9sultat est \u00e0 la hauteur de nos attentes. merci!<\/a><\/span><\/p>\n<p style=\"text-align: justify;\"><span style=\"color: rgba(224, 178, 80, 0.91);\"><strong>SCP DGT Avocats (janvier 2021)<\/strong><\/span><\/p>\n<p style=\"text-align: justify;\"><span><\/span><\/p>\n<p style=\"text-align: justify;\"><span>Nous sommes ravis d\u2019avoir fait appel \u00e0 Am\u00e9lia Martinez de L\u2019Infini D\u00e9co. Elle a su \u00eatre \u00e0 notre \u00e9coute, et s\u2019adapter parfaitement \u00e0 nos contraintes et envies. Les projets qui nous ont \u00e9t\u00e9 remis \u00e9taient clairs et tr\u00e8s complets, classiques avec une touche d\u2019audace (comme souhait\u00e9). Ils nous ont tout de suite convaincus! Si vous avez des projets de d\u00e9co, n\u2019h\u00e9sitez pas \u00e0 les lui confier!<\/span><span><\/span><\/p>\n<p style=\"text-align: justify;\"><strong><span style=\"color: rgba(224, 178, 80, 0.91);\">Aur\u00e9lie A. (d\u00e9cembre 2020)<\/span><\/strong><span><\/span><\/p>\n<p style=\"text-align: justify;\"><strong><span style=\"color: rgba(224, 178, 80, 0.91);\"><\/span><\/strong><\/p>\n<p style=\"text-align: justify;\"><strong><span style=\"color: rgba(224, 178, 80, 0.91);\"><\/span><\/strong><\/p>\n<p style=\"text-align: justify;\"><span>Je recommande Am\u00e9lia pour sa qualit\u00e9 d\u2019\u00e9coute et ses conseils judicieux.<\/span><br \/><span>Am\u00e9lia a respect\u00e9 nos demandes et nous a propos\u00e9 un projet soign\u00e9.<\/span><br \/><span>Merci beaucoup \u00e0 L&rsquo;Infini d\u00e9co.<\/span><span><\/span><\/p>\n<p style=\"text-align: justify;\"><strong><span style=\"color: rgba(224, 178, 80, 0.91);\">Morgan &amp; Julien D. (novembre 2020)<\/span><\/strong><\/p>\n<p style=\"text-align: justify;\">\n<p style=\"text-align: justify;\"><span><\/span><\/p>\n<p style=\"text-align: justify;\"><span>J&rsquo;ai fait appel \u00e0 l&rsquo;infini d\u00e9co lors de l&rsquo;achat de mon appartement. Tout \u00e9tait \u00e0 refaire. Dans le cadre de ce projet d&rsquo;envergure, Am\u00e9lia est intervenue depuis la conception jusqu&rsquo;\u00e0 la r\u00e9alisation de celui-ci. Am\u00e9lia est une personne \u00e0 l&rsquo;\u00e9coute qui allie professionnalisme, cr\u00e9ativit\u00e9, pr\u00e9cision et d\u00e9licatesse tout en respectant mes go\u00fbts et mes envies. Elle a su anticiper chaque \u00e9tape me permettant ainsi de vivre ce projet avec s\u00e9r\u00e9nit\u00e9.<\/span><br \/><span>Je vous la conseille vivement,<\/span><br \/><span>Merci Am\u00e9lia<\/span><span><\/span><\/p>\n<p style=\"text-align: justify;\"><span style=\"color: rgba(224, 178, 80, 0.91);\"><strong>Elena G. (septembre 2020)<\/strong><\/span><\/p>\n<p style=\"text-align: justify;\"><span><\/span><\/p>\n<p style=\"text-align: justify;\"><span><\/span><\/p>\n<p style=\"text-align: justify;\"><span>Am\u00e9lia Martinez-Goj a compris tout de suite ce que je souhaitais. Elle a tenu compte de mes contraintes (rester dans le classique tout en ajoutant du moderne) pour me proposer une biblioth\u00e8que sur mesure. je suis tr\u00e8s satisfaite! Merci beaucoup!<\/span><\/p>\n<p style=\"text-align: justify;\"><span style=\"color: rgba(224, 178, 80, 0.91);\"><strong>Barbara F. (avril 2020)<\/strong><\/span><\/p>\n<p style=\"text-align: justify;\"><span style=\"color: rgba(224, 178, 80, 0.91);\"><strong><\/strong><\/span><\/p>\n<p style=\"text-align: justify;\"><span style=\"color: rgba(224, 178, 80, 0.91);\"><\/span><\/p>\n<p>Am\u00e9lia est une professionnelle de talent. Je suis photographe immobilier et en tant que tel, j&rsquo;ai pu appr\u00e9cier son travail de qualit\u00e9 pour utiliser la lumi\u00e8re, les volumes et les mati\u00e8res. Avec beaucoup de go\u00fbt et d&rsquo;id\u00e9es, elle sait transformer un int\u00e9rieur en le rendant accueillant, charmant et fonctionnel. Je recommande!<\/p>\n<p><span style=\"color: rgba(224, 178, 80, 0.91);\"><strong>Pasca<\/strong><\/span><span style=\"color: rgba(224, 178, 80, 0.91);\"><strong>l C. (mars 2020)<\/strong><\/span><\/p>\n<p style=\"text-align: justify;\"><span><\/span><\/p>\n<p style=\"text-align: justify;\"><span><\/span><\/p>\n<p style=\"text-align: justify;\"><span>Bonjour, J&rsquo;ai beaucoup aim\u00e9 collaborer avec Am\u00e9lia de L&rsquo;infini D\u00e9co. Son professionnalisme, son \u00e9coute active et ses conseils m&rsquo;ont mise \u00e0 l&rsquo;aise. Am\u00e9lia est ponctuelle et tient ses engagements. J&rsquo;ai \u00e9t\u00e9 \u00e9tonn\u00e9e \u00e0 quel point elle a su cerner mes go\u00fbts et me proposer un rendu qui correspondait en tout point \u00e0 mes attentes. Je recommande L&rsquo;Infini D\u00e9co les yeux ferm\u00e9s.<\/span><\/p>\n<p style=\"text-align: justify;\"><span style=\"color: rgba(224, 178, 80, 0.91);\"><strong>Marie-Rose P. (f\u00e9vrier 2020)<\/strong><\/span><\/p>\n<p style=\"text-align: justify;\"><strong><\/strong><\/p>\n<p style=\"text-align: justify;\"><strong><\/strong><\/p>\n<p style=\"text-align: justify;\"><span>Nous avons fait appel \u00e0 Am\u00e9lia pour relooker notre salon-salle \u00e0 manger. Indubitablement, Am\u00e9lia a de bonnes id\u00e9es, un sens aigu\u00eb des couleurs et des espaces et une inclinaison au <\/span><span>feng<\/span><span> shui qui nous a particuli\u00e8rement s\u00e9duit. Ainsi, elle a pris en compte nos besoins et a su s&rsquo;adapter \u00e0 nos personnalit\u00e9s pour nous proposer une shopping liste co\u00efncidant avec notre budget. Bref, mission r\u00e9ussie notre pi\u00e8ce \u00e0 vivre a retrouv\u00e9 une \u00e2me. Bien \u00e9videmment je recommande!!<\/span><\/p>\n<p style=\"text-align: justify;\"><span style=\"color: rgba(224, 178, 80, 0.91);\"><strong>Muriel H. (janvier 2020)<\/strong><\/span><\/p>\n<p style=\"text-align: justify;\"><strong><\/strong><\/p>\n<p style=\"text-align: justify;\"><strong><\/strong><\/p>\n<p style=\"text-align: justify;\"><span>Am\u00e9lia de l&rsquo;Infini D\u00e9co&#8230;<br \/><\/span><span>Une prestation r\u00e9pondant exactement \u00e0 notre demande. Projet de derni\u00e8re minute. Am\u00e9lia demande des pr\u00e9cisions pour peaufiner son travail. Elle est m\u00e9ticuleuse. Le client voit exactement ce qu&rsquo;il souhaitait voir et ne cache pas sa satisfaction. Am\u00e9lia propose m\u00eame une solution diff\u00e9rente et suppl\u00e9mentaire dans le cadre du budget initial&#8230;. Cadeau de la \u00ab\u00a0cheffe\u00a0\u00bb&#8230;! Je recommande Am\u00e9lia. Elle sait s&rsquo;impliquer. Merci.<\/span><\/p>\n<p style=\"text-align: justify;\"><span style=\"color: rgba(224, 178, 80, 0.91);\"><strong>Pascal C. architecte d.p.l.g. (novembre 2019)<\/strong><\/span><\/p>\n<p style=\"text-align: justify;\"><strong><\/strong><\/p>\n<p style=\"text-align: justify;\"><strong><\/strong><\/p>\n<p style=\"text-align: justify;\"><span>Nous sommes plus que ravis d&rsquo;avoir travaill\u00e9 avec l&rsquo;infini d\u00e9co.<br \/><\/span><span>Am\u00e9lia est une excellente d\u00e9coratrice d&rsquo;int\u00e9rieur, elle a \u00e9t\u00e9 tr\u00e8s \u00e0 l&rsquo;\u00e9coute de nos envies et a compl\u00e8tement r\u00e9alis\u00e9 la pharmacie de nos r\u00eaves! Un immense merci pour sa patience et sa bienveillance.<\/span><\/p>\n<p style=\"text-align: justify;\"><span style=\"color: rgba(224, 178, 80, 0.91);\"><strong>Elodie L. (novembre 2019)<\/strong><\/span><\/p>\n<p style=\"text-align: justify;\"><strong><\/strong><\/p>\n<p style=\"text-align: justify;\"><strong><\/strong><\/p>\n<p style=\"text-align: justify;\"><span>Nous avons fait appel \u00e0 Am\u00e9lia pour l\u2019am\u00e9nagement de nos bureaux. Am\u00e9lia s\u2019est attach\u00e9e \u00e0 nos go\u00fbts, nos besoins et notre identit\u00e9. Elle a su nous aiguiller et nous donner les bons conseils pour que notre espace de travail nous ressemble et surtout soit agr\u00e9able pour toute notre \u00e9quipe.<\/span><\/p>\n<p style=\"text-align: justify;\"><span style=\"color: rgba(224, 178, 80, 0.91);\"><strong>Hanane B. (novembre 2019)<\/strong><\/span><\/p>\n<p style=\"text-align: justify;\"><strong><\/strong><\/p>\n<p style=\"text-align: justify;\"><strong><\/strong><\/p>\n<p style=\"font-size: 18px; background-color: #121212; text-align: justify;\"><span style=\"font-size: 18px;\">J&rsquo;ai fait appel \u00e0 L\u2019Infini D\u00e9co pour refaire une chambre, un couloir ainsi que mon s\u00e9jour.<br \/><\/span><span style=\"font-size: 18px;\">Am\u00e9lia Martinez-Goj, a vraiment \u00e9t\u00e9 tr\u00e8s professionnelle, tr\u00e8s \u00e0 l \u00e9coute de mes souhaits mais a \u00e9t\u00e9 surtout de tr\u00e8s bons conseils quant au choix des couleurs, ainsi que pour l&rsquo;agencement de mes meubles\u2026<br \/><\/span><span style=\"font-size: 18px;\">Du tr\u00e8s grand professionnalisme.<br \/><\/span><span style=\"font-size: 18px;\">Je recommande vivement.<\/span><\/p>\n<p style=\"text-align: justify;\"><span style=\"color: rgba(224, 178, 80, 0.91); font-size: 18px; font-weight: bold;\">Clarice G. (janvier 2019)<\/span><\/p>\n<p style=\"text-align: justify;\"><span><\/span><\/p>\n<p style=\"text-align: justify;\"><span><\/span><\/p>\n<p style=\"text-align: justify;\"><span>Am\u00e9lia a su \u00e9couter et trouver la meilleure solution pour mon projet duplex d&rsquo;environ 70m\u00b2 dans une construction exigu\u00eb.<br \/><\/span><span>En optimisant l&rsquo;\u00e9tage sous pente dans le respect de mon cahier des charges.<\/span><\/p>\n<p style=\"text-align: justify;\"><span style=\"color: rgba(224, 178, 80, 0.91);\"><strong>Antoine D. (octobre 2018)<\/strong><\/span><\/p>\n<p style=\"text-align: justify;\"><strong><\/strong><\/p>\n<p>[\/et_pb_text][\/et_pb_column][\/et_pb_row][\/et_pb_section]<\/p>\n","protected":false},"excerpt":{"rendered":"<p>AVISTous les t\u00e9moignages des clients pr\u00e9sents sur ce site sont r\u00e9els et bas\u00e9s sur des prestations effectu\u00e9es.Nous sommes tr\u00e8s contents du r\u00e9sultat \u2b50\ufe0f\u2764\ufe0f\ud83c\udfb6et nous vous remercions pour votre inspiration, votre patience, votre \u00e9coute et le suivi du chantier.Nous nous sentons bien chez nous \ud83d\ude0a . Auguste est tr\u00e8s satisfait des am\u00e9nagements HiFi &amp; TV. Nous [&hellip;]<\/p>\n","protected":false},"author":1,"featured_media":0,"parent":0,"menu_order":0,"comment_status":"closed","ping_status":"closed","template":"","meta":{"_et_pb_use_builder":"on","_et_pb_old_content":"","_et_gb_content_width":"","footnotes":""},"class_list":["post-114","page","type-page","status-publish","hentry"],"_links":{"self":[{"href":"https:\/\/www.linfinideco.com\/index.php?rest_route=\/wp\/v2\/pages\/114","targetHints":{"allow":["GET"]}}],"collection":[{"href":"https:\/\/www.linfinideco.com\/index.php?rest_route=\/wp\/v2\/pages"}],"about":[{"href":"https:\/\/www.linfinideco.com\/index.php?rest_route=\/wp\/v2\/types\/page"}],"author":[{"embeddable":true,"href":"https:\/\/www.linfinideco.com\/index.php?rest_route=\/wp\/v2\/users\/1"}],"replies":[{"embeddable":true,"href":"https:\/\/www.linfinideco.com\/index.php?rest_route=%2Fwp%2Fv2%2Fcomments&post=114"}],"version-history":[{"count":20,"href":"https:\/\/www.linfinideco.com\/index.php?rest_route=\/wp\/v2\/pages\/114\/revisions"}],"predecessor-version":[{"id":1394,"href":"https:\/\/www.linfinideco.com\/index.php?rest_route=\/wp\/v2\/pages\/114\/revisions\/1394"}],"wp:attachment":[{"href":"https:\/\/www.linfinideco.com\/index.php?rest_route=%2Fwp%2Fv2%2Fmedia&parent=114"}],"curies":[{"name":"wp","href":"https:\/\/api.w.org\/{rel}","templated":true}]}}