{"id":624,"date":"2020-07-07T16:16:27","date_gmt":"2020-07-07T16:16:27","guid":{"rendered":"https:\/\/www.linfinideco.com\/?page_id=624"},"modified":"2020-07-07T16:36:03","modified_gmt":"2020-07-07T16:36:03","slug":"lesprit-cocooning-retrouve","status":"publish","type":"page","link":"https:\/\/www.linfinideco.com\/?page_id=624","title":{"rendered":"L&rsquo;esprit cocooning retrouv\u00e9"},"content":{"rendered":"<p>[et_pb_section fb_built=\u00a0\u00bb1&Prime; admin_label=\u00a0\u00bbHero Section\u00a0\u00bb _builder_version=\u00a0\u00bb3.22&Prime; custom_padding=\u00a0\u00bb0|0px|0px|0px\u00a0\u00bb][et_pb_row column_structure=\u00a0\u00bb1_2,1_2&Prime; make_equal=\u00a0\u00bbon\u00a0\u00bb _builder_version=\u00a0\u00bb4.4.9&Prime; width=\u00a0\u00bb100%\u00a0\u00bb max_width=\u00a0\u00bb100%\u00a0\u00bb custom_padding=\u00a0\u00bb0px|0|0px|\u00a0\u00bb use_custom_width=\u00a0\u00bbon\u00a0\u00bb width_unit=\u00a0\u00bboff\u00a0\u00bb custom_width_percent=\u00a0\u00bb100%\u00a0\u00bb][et_pb_column type=\u00a0\u00bb1_2&Prime; _builder_version=\u00a0\u00bb4.4.9&Prime; custom_padding=\u00a0\u00bb200px|8%|260px|8%\u00a0\u00bb custom_padding_tablet=\u00a0\u00bb80px|10%|80px|10%\u00a0\u00bb custom_padding_phone=\u00a0\u00bb\u00a0\u00bb custom_padding_last_edited=\u00a0\u00bbon|tablet\u00a0\u00bb padding_tablet=\u00a0\u00bb80px|10%|80px|10%\u00a0\u00bb padding_last_edited=\u00a0\u00bbon|tablet\u00a0\u00bb custom_padding__hover=\u00a0\u00bb|||\u00a0\u00bb][et_pb_text _builder_version=\u00a0\u00bb4.4.9&Prime; text_font=\u00a0\u00bb||||||||\u00a0\u00bb header_font=\u00a0\u00bb||||||||\u00a0\u00bb header_3_font=\u00a0\u00bbKarla|700||on|||||\u00a0\u00bb header_3_text_color=\u00a0\u00bb#c2ab92&Prime; header_3_font_size=\u00a0\u00bb16px\u00a0\u00bb header_3_letter_spacing=\u00a0\u00bb1px\u00a0\u00bb background_layout=\u00a0\u00bbdark\u00a0\u00bb max_width=\u00a0\u00bb600px\u00a0\u00bb module_alignment=\u00a0\u00bbleft\u00a0\u00bb custom_margin=\u00a0\u00bb||20px|\u00a0\u00bb locked=\u00a0\u00bboff\u00a0\u00bb]<\/p>\n<h3><span>L&rsquo;ESPRIT COCOONING RETROUV\u00c9<\/span><\/h3>\n<p>[\/et_pb_text][et_pb_text _builder_version=\u00a0\u00bb4.4.8&Prime; text_font=\u00a0\u00bbKarla||||||||\u00a0\u00bb text_font_size=\u00a0\u00bb18px\u00a0\u00bb text_line_height=\u00a0\u00bb1.2em\u00a0\u00bb header_font=\u00a0\u00bbCormorant Garamond||||||||\u00a0\u00bb header_font_size=\u00a0\u00bb56px\u00a0\u00bb header_line_height=\u00a0\u00bb1.4em\u00a0\u00bb header_2_font=\u00a0\u00bb||||||||\u00a0\u00bb header_3_font=\u00a0\u00bb||||||||\u00a0\u00bb max_width=\u00a0\u00bb600px\u00a0\u00bb header_font_size_tablet=\u00a0\u00bb40px\u00a0\u00bb header_font_size_phone=\u00a0\u00bb\u00a0\u00bb header_font_size_last_edited=\u00a0\u00bbon|tablet\u00a0\u00bb locked=\u00a0\u00bboff\u00a0\u00bb]<\/p>\n<p><span>Il y a longtemps que ce salon avait froid. En effet, expos\u00e9 au nord, la pi\u00e8ce \u00e9tait recouverte de blanc du sol au plafond et les meubles pr\u00e9sents n\u2019arrivaient pas \u00e0 procurer la douce chaleur recherch\u00e9e par sa (pourtant) p\u00e9tillante propri\u00e9taire.<\/span><\/p>\n<p><span>Mon r\u00f4le a donc \u00e9t\u00e9 de cr\u00e9er une ambiance chaleureuse, m\u00ealant styles ethnique chic et scandinave, accompagn\u00e9e de mat\u00e9riaux tels que le velours, le bois, et le m\u00e9tal, le tout \u00e9voluant dans un \u00e9crin contrast\u00e9 en couleurs.<\/span><\/p>\n<p><span>Tout d\u2019abord la proximit\u00e9 avec la cuisine, expos\u00e9e sud, a permis de r\u00e9aliser une ouverture dans le mur mitoyen afin de faire entrer la lumi\u00e8re du soleil dans le salon. Une claustra en OSB a \u00e9t\u00e9 install\u00e9e procurant un aspect naturel contrastant avec l\u2019\u00e9l\u00e9gance des autres \u00e9l\u00e9ments d\u00e9coratifs. <\/span><\/p>\n<p><span>Le style scandinave est \u00e9galement pr\u00e9sent \u00e0 travers un canap\u00e9 en velours bleu, des meubles en bois clair, m\u00e9lange de rotin, de ch\u00eane et de m\u00e9tal noir. Le sol a \u00e9t\u00e9 recouvert d\u2019un parquet en ch\u00eane clair et l\u2019escalier a \u00e9t\u00e9 sabl\u00e9 pour lui redonner sa teinte de pin clair. Souhaitant int\u00e9grer la nature dans la d\u00e9coration, un des murs a \u00e9t\u00e9 peint en vert amande. Les gaines techniques, qui peuvent \u00eatre vues comme des imperfections, ont \u00e9t\u00e9, quant \u00e0 elles utilis\u00e9es de mani\u00e8re astucieuse et harmonieuse par la cr\u00e9ation de niches ins\u00e9r\u00e9es dans un coffrage peint en bleu gris. Enfin un des garde-corps a \u00e9t\u00e9 couvert d\u2019un panneau d\u00e9cor\u00e9 d\u2019un papier peint permettant d\u2019isoler l\u2019espace salon des courants d\u2019air venant de la cage d\u2019escalier.\u00a0 <\/span><\/p>\n<p><span>C\u00f4t\u00e9 cuisine, on a opt\u00e9 pour un carrelage gr\u00e8s c\u00e9rame 60x60cm gris anthracite, un coin repas avec banc et coussin pour garder le c\u00f4t\u00e9 cocooning. Les \u00e9l\u00e9ments de cuisine sont de couleur vert eau avec un plan de travail en granit gris. Un papier peint a \u00e9t\u00e9 pos\u00e9 sur l\u2019un des murs, apportant une touche d\u00e9corative visible \u00e9galement depuis le salon.<\/span><\/p>\n<p><span>Des \u00e9l\u00e9ments de d\u00e9coration, tels que des miroirs en fibre v\u00e9g\u00e9tale et en m\u00e9tal dor\u00e9, des coussins de couleur jaune et terracotta ainsi que des luminaires en rotin et laiton bross\u00e9 sont venus finaliser la mise en beaut\u00e9 de cet espace devenu d\u00e9sormais un lieu de repos et de convivialit\u00e9 pour sa propri\u00e9taire. <\/span><\/p>\n<p>[\/et_pb_text][\/et_pb_column][et_pb_column type=\u00a0\u00bb1_2&Prime; _builder_version=\u00a0\u00bb4.4.9&Prime; background_color=\u00a0\u00bb#000000&Prime; use_background_color_gradient=\u00a0\u00bbon\u00a0\u00bb background_color_gradient_start=\u00a0\u00bbrgba(18,18,18,0.5)\u00a0\u00bb background_color_gradient_end=\u00a0\u00bb#121212&Prime; background_color_gradient_overlays_image=\u00a0\u00bbon\u00a0\u00bb background_image=\u00a0\u00bbhttps:\/\/www.linfinideco.com\/wp-content\/uploads\/2020\/07\/photo4.png\u00a0\u00bb custom_padding=\u00a0\u00bb200px||260px|8%\u00a0\u00bb custom_padding_tablet=\u00a0\u00bb80px|10%|80px|10%\u00a0\u00bb custom_padding_phone=\u00a0\u00bb\u00a0\u00bb custom_padding_last_edited=\u00a0\u00bbon|desktop\u00a0\u00bb padding_tablet=\u00a0\u00bb80px|10%|80px|10%\u00a0\u00bb padding_last_edited=\u00a0\u00bbon|desktop\u00a0\u00bb custom_padding__hover=\u00a0\u00bb|||\u00a0\u00bb][et_pb_divider show_divider=\u00a0\u00bboff\u00a0\u00bb _builder_version=\u00a0\u00bb3.2&Prime; height=\u00a0\u00bb100px\u00a0\u00bb][\/et_pb_divider][\/et_pb_column][\/et_pb_row][\/et_pb_section][et_pb_section fb_built=\u00a0\u00bb1&Prime; admin_label=\u00a0\u00bbprojects\u00a0\u00bb _builder_version=\u00a0\u00bb4.4.9&Prime; background_color=\u00a0\u00bb#121212&Prime; min_height=\u00a0\u00bb1904px\u00a0\u00bb custom_margin=\u00a0\u00bb||-4px|||\u00a0\u00bb custom_padding=\u00a0\u00bb23px|0px|0px|0px||\u00a0\u00bb hover_enabled=\u00a0\u00bb0&Prime;][et_pb_row column_structure=\u00a0\u00bb1_5,3_5,1_5&Prime; _builder_version=\u00a0\u00bb4.4.7&Prime; custom_margin=\u00a0\u00bb10px|auto|-22px|auto||\u00a0\u00bb custom_padding=\u00a0\u00bb1px|||||\u00a0\u00bb locked=\u00a0\u00bboff\u00a0\u00bb][et_pb_column type=\u00a0\u00bb1_5&Prime; _builder_version=\u00a0\u00bb4.4.7&Prime;][et_pb_text _builder_version=\u00a0\u00bb4.4.7&Prime;][\/et_pb_text][\/et_pb_column][et_pb_column type=\u00a0\u00bb3_5&Prime; _builder_version=\u00a0\u00bb4.4.7&Prime;][et_pb_text _builder_version=\u00a0\u00bb4.4.9&Prime; custom_margin=\u00a0\u00bb9px||-32px|||\u00a0\u00bb]<\/p>\n<h3 style=\"text-align: center;\"><span style=\"color: #ffffff;\">PHOTOS AVANT TRAVAUX :<\/span><\/h3>\n<p>[\/et_pb_text][\/et_pb_column][et_pb_column type=\u00a0\u00bb1_5&Prime; _builder_version=\u00a0\u00bb4.4.7&Prime;][\/et_pb_column][\/et_pb_row][et_pb_row column_structure=\u00a0\u00bb1_4,1_4,1_4,1_4&Prime; _builder_version=\u00a0\u00bb4.4.9&Prime; min_height=\u00a0\u00bb304px\u00a0\u00bb custom_margin=\u00a0\u00bb-6px|auto|-19px|auto||\u00a0\u00bb custom_padding=\u00a0\u00bb||0px|||\u00a0\u00bb locked=\u00a0\u00bboff\u00a0\u00bb][et_pb_column type=\u00a0\u00bb1_4&Prime; _builder_version=\u00a0\u00bb4.4.7&Prime;][et_pb_gallery gallery_ids=\u00a0\u00bb628&Prime; fullwidth=\u00a0\u00bbon\u00a0\u00bb _builder_version=\u00a0\u00bb4.4.9&Prime;][\/et_pb_gallery][\/et_pb_column][et_pb_column type=\u00a0\u00bb1_4&Prime; _builder_version=\u00a0\u00bb4.4.7&Prime;][et_pb_gallery gallery_ids=\u00a0\u00bb629&Prime; fullwidth=\u00a0\u00bbon\u00a0\u00bb _builder_version=\u00a0\u00bb4.4.9&Prime; custom_margin=\u00a0\u00bb||45px|||\u00a0\u00bb][\/et_pb_gallery][\/et_pb_column][et_pb_column type=\u00a0\u00bb1_4&Prime; _builder_version=\u00a0\u00bb4.4.7&Prime;][et_pb_gallery gallery_ids=\u00a0\u00bb630&Prime; fullwidth=\u00a0\u00bbon\u00a0\u00bb _builder_version=\u00a0\u00bb4.4.9&Prime; custom_margin=\u00a0\u00bb||45px|||\u00a0\u00bb locked=\u00a0\u00bboff\u00a0\u00bb][\/et_pb_gallery][\/et_pb_column][et_pb_column type=\u00a0\u00bb1_4&Prime; _builder_version=\u00a0\u00bb4.4.7&Prime;][et_pb_gallery gallery_ids=\u00a0\u00bb631&Prime; fullwidth=\u00a0\u00bbon\u00a0\u00bb _builder_version=\u00a0\u00bb4.4.9&Prime; custom_margin=\u00a0\u00bb||45px|||\u00a0\u00bb locked=\u00a0\u00bboff\u00a0\u00bb][\/et_pb_gallery][\/et_pb_column][\/et_pb_row][et_pb_row column_structure=\u00a0\u00bb1_5,3_5,1_5&Prime; _builder_version=\u00a0\u00bb4.4.7&Prime; custom_margin=\u00a0\u00bb10px|auto|-22px|auto||\u00a0\u00bb custom_padding=\u00a0\u00bb1px|||||\u00a0\u00bb locked=\u00a0\u00bboff\u00a0\u00bb][et_pb_column type=\u00a0\u00bb1_5&Prime; _builder_version=\u00a0\u00bb4.4.7&Prime;][et_pb_text _builder_version=\u00a0\u00bb4.4.7&Prime;][\/et_pb_text][\/et_pb_column][et_pb_column type=\u00a0\u00bb3_5&Prime; _builder_version=\u00a0\u00bb4.4.7&Prime;][et_pb_text _builder_version=\u00a0\u00bb4.4.7&Prime; custom_margin=\u00a0\u00bb9px||-32px|||\u00a0\u00bb]<\/p>\n<h3 style=\"text-align: center;\"><span style=\"color: #ffffff;\">EXTRAITS DU BOOK :<\/span><\/h3>\n<p>[\/et_pb_text][\/et_pb_column][et_pb_column type=\u00a0\u00bb1_5&Prime; _builder_version=\u00a0\u00bb4.4.7&Prime;][\/et_pb_column][\/et_pb_row][et_pb_row column_structure=\u00a0\u00bb1_2,1_2&Prime; _builder_version=\u00a0\u00bb4.4.7&Prime; custom_margin=\u00a0\u00bb-6px|auto||auto||\u00a0\u00bb locked=\u00a0\u00bboff\u00a0\u00bb][et_pb_column type=\u00a0\u00bb1_2&Prime; _builder_version=\u00a0\u00bb4.4.7&Prime;][et_pb_gallery gallery_ids=\u00a0\u00bb632&Prime; fullwidth=\u00a0\u00bbon\u00a0\u00bb _builder_version=\u00a0\u00bb4.4.9&Prime;][\/et_pb_gallery][\/et_pb_column][et_pb_column type=\u00a0\u00bb1_2&Prime; _builder_version=\u00a0\u00bb4.4.7&Prime;][et_pb_gallery gallery_ids=\u00a0\u00bb633&Prime; fullwidth=\u00a0\u00bbon\u00a0\u00bb _builder_version=\u00a0\u00bb4.4.9&Prime;][\/et_pb_gallery][\/et_pb_column][\/et_pb_row][et_pb_row column_structure=\u00a0\u00bb1_2,1_2&Prime; _builder_version=\u00a0\u00bb4.4.7&Prime; custom_margin=\u00a0\u00bb-6px|auto||auto||\u00a0\u00bb locked=\u00a0\u00bboff\u00a0\u00bb][et_pb_column type=\u00a0\u00bb1_2&Prime; _builder_version=\u00a0\u00bb4.4.7&Prime;][et_pb_gallery gallery_ids=\u00a0\u00bb634&Prime; fullwidth=\u00a0\u00bbon\u00a0\u00bb _builder_version=\u00a0\u00bb4.4.9&Prime;][\/et_pb_gallery][\/et_pb_column][et_pb_column type=\u00a0\u00bb1_2&Prime; _builder_version=\u00a0\u00bb4.4.7&Prime;][et_pb_gallery gallery_ids=\u00a0\u00bb635&Prime; fullwidth=\u00a0\u00bbon\u00a0\u00bb _builder_version=\u00a0\u00bb4.4.9&Prime;][\/et_pb_gallery][\/et_pb_column][\/et_pb_row][et_pb_row column_structure=\u00a0\u00bb2_5,3_5&Prime; _builder_version=\u00a0\u00bb4.4.9&Prime; custom_margin=\u00a0\u00bb-6px|auto||auto||\u00a0\u00bb locked=\u00a0\u00bboff\u00a0\u00bb][et_pb_column type=\u00a0\u00bb2_5&Prime; _builder_version=\u00a0\u00bb4.4.7&Prime;][et_pb_gallery gallery_ids=\u00a0\u00bb636&Prime; fullwidth=\u00a0\u00bbon\u00a0\u00bb _builder_version=\u00a0\u00bb4.4.9&Prime;][\/et_pb_gallery][\/et_pb_column][et_pb_column type=\u00a0\u00bb3_5&Prime; _builder_version=\u00a0\u00bb4.4.7&Prime;][et_pb_gallery gallery_ids=\u00a0\u00bb637&Prime; fullwidth=\u00a0\u00bbon\u00a0\u00bb _builder_version=\u00a0\u00bb4.4.9&Prime;][\/et_pb_gallery][\/et_pb_column][\/et_pb_row][et_pb_row _builder_version=\u00a0\u00bb4.4.7&Prime; custom_padding=\u00a0\u00bb||9px|||\u00a0\u00bb][et_pb_column type=\u00a0\u00bb4_4&Prime; _builder_version=\u00a0\u00bb4.4.7&Prime;][et_pb_button button_url=\u00a0\u00bbhttps:\/\/www.linfinideco.com\/?page_id=81&Prime; button_text=\u00a0\u00bbRETOUR R\u00c9ALISATIONS\u00a0\u00bb button_alignment=\u00a0\u00bbcenter\u00a0\u00bb _builder_version=\u00a0\u00bb4.4.7&Prime; custom_button=\u00a0\u00bbon\u00a0\u00bb button_text_size=\u00a0\u00bb13px\u00a0\u00bb button_text_color=\u00a0\u00bb#ffffff\u00a0\u00bb button_bg_color=\u00a0\u00bb#c2ab92&Prime; button_border_width=\u00a0\u00bb2px\u00a0\u00bb button_border_color=\u00a0\u00bb#c2ab92&Prime; button_border_radius=\u00a0\u00bb0px\u00a0\u00bb button_letter_spacing=\u00a0\u00bb2px\u00a0\u00bb button_font=\u00a0\u00bbKarla|700||on|||||\u00a0\u00bb background_layout=\u00a0\u00bbdark\u00a0\u00bb custom_padding=\u00a0\u00bb10px||10px|\u00a0\u00bb button_letter_spacing_hover=\u00a0\u00bb2px\u00a0\u00bb locked=\u00a0\u00bboff\u00a0\u00bb button_text_size__hover_enabled=\u00a0\u00bboff\u00a0\u00bb button_one_text_size__hover_enabled=\u00a0\u00bboff\u00a0\u00bb button_two_text_size__hover_enabled=\u00a0\u00bboff\u00a0\u00bb button_text_color__hover_enabled=\u00a0\u00bboff\u00a0\u00bb button_one_text_color__hover_enabled=\u00a0\u00bboff\u00a0\u00bb button_two_text_color__hover_enabled=\u00a0\u00bboff\u00a0\u00bb button_border_width__hover_enabled=\u00a0\u00bboff\u00a0\u00bb button_one_border_width__hover_enabled=\u00a0\u00bboff\u00a0\u00bb button_two_border_width__hover_enabled=\u00a0\u00bboff\u00a0\u00bb button_border_color__hover_enabled=\u00a0\u00bboff\u00a0\u00bb button_one_border_color__hover_enabled=\u00a0\u00bboff\u00a0\u00bb button_two_border_color__hover_enabled=\u00a0\u00bboff\u00a0\u00bb button_border_radius__hover_enabled=\u00a0\u00bboff\u00a0\u00bb button_one_border_radius__hover_enabled=\u00a0\u00bboff\u00a0\u00bb button_two_border_radius__hover_enabled=\u00a0\u00bboff\u00a0\u00bb button_letter_spacing__hover_enabled=\u00a0\u00bbon\u00a0\u00bb button_letter_spacing__hover=\u00a0\u00bb2px\u00a0\u00bb button_one_letter_spacing__hover_enabled=\u00a0\u00bboff\u00a0\u00bb button_two_letter_spacing__hover_enabled=\u00a0\u00bboff\u00a0\u00bb button_bg_color__hover_enabled=\u00a0\u00bboff\u00a0\u00bb button_one_bg_color__hover_enabled=\u00a0\u00bboff\u00a0\u00bb button_two_bg_color__hover_enabled=\u00a0\u00bboff\u00a0\u00bb][\/et_pb_button][\/et_pb_column][\/et_pb_row][\/et_pb_section]<\/p>\n","protected":false},"excerpt":{"rendered":"<p>L&rsquo;ESPRIT COCOONING RETROUV\u00c9Il y a longtemps que ce salon avait froid. En effet, expos\u00e9 au nord, la pi\u00e8ce \u00e9tait recouverte de blanc du sol au plafond et les meubles pr\u00e9sents n\u2019arrivaient pas \u00e0 procurer la douce chaleur recherch\u00e9e par sa (pourtant) p\u00e9tillante propri\u00e9taire. Mon r\u00f4le a donc \u00e9t\u00e9 de cr\u00e9er une ambiance chaleureuse, m\u00ealant styles [&hellip;]<\/p>\n","protected":false},"author":1,"featured_media":0,"parent":0,"menu_order":0,"comment_status":"closed","ping_status":"closed","template":"","meta":{"_et_pb_use_builder":"on","_et_pb_old_content":"","_et_gb_content_width":"","footnotes":""},"class_list":["post-624","page","type-page","status-publish","hentry"],"_links":{"self":[{"href":"https:\/\/www.linfinideco.com\/index.php?rest_route=\/wp\/v2\/pages\/624","targetHints":{"allow":["GET"]}}],"collection":[{"href":"https:\/\/www.linfinideco.com\/index.php?rest_route=\/wp\/v2\/pages"}],"about":[{"href":"https:\/\/www.linfinideco.com\/index.php?rest_route=\/wp\/v2\/types\/page"}],"author":[{"embeddable":true,"href":"https:\/\/www.linfinideco.com\/index.php?rest_route=\/wp\/v2\/users\/1"}],"replies":[{"embeddable":true,"href":"https:\/\/www.linfinideco.com\/index.php?rest_route=%2Fwp%2Fv2%2Fcomments&post=624"}],"version-history":[{"count":4,"href":"https:\/\/www.linfinideco.com\/index.php?rest_route=\/wp\/v2\/pages\/624\/revisions"}],"predecessor-version":[{"id":642,"href":"https:\/\/www.linfinideco.com\/index.php?rest_route=\/wp\/v2\/pages\/624\/revisions\/642"}],"wp:attachment":[{"href":"https:\/\/www.linfinideco.com\/index.php?rest_route=%2Fwp%2Fv2%2Fmedia&parent=624"}],"curies":[{"name":"wp","href":"https:\/\/api.w.org\/{rel}","templated":true}]}}