{"id":66,"date":"2020-04-29T13:33:28","date_gmt":"2020-04-29T13:33:28","guid":{"rendered":"https:\/\/www.linfinideco.com\/?page_id=66"},"modified":"2022-01-04T10:43:09","modified_gmt":"2022-01-04T10:43:09","slug":"home","status":"publish","type":"page","link":"https:\/\/www.linfinideco.com\/","title":{"rendered":"Accueil"},"content":{"rendered":"\n[et_pb_section fb_built=\u00a0\u00bb1&Prime; admin_label=\u00a0\u00bbHero Section\u00a0\u00bb _builder_version=\u00a0\u00bb3.22&Prime; custom_padding=\u00a0\u00bb0|0px|0px|0px\u00a0\u00bb][et_pb_row column_structure=\u00a0\u00bb1_2,1_2&Prime; use_custom_gutter=\u00a0\u00bbon\u00a0\u00bb make_equal=\u00a0\u00bbon\u00a0\u00bb _builder_version=\u00a0\u00bb4.4.7&Prime; width=\u00a0\u00bb100%\u00a0\u00bb max_width=\u00a0\u00bb100%\u00a0\u00bb custom_padding=\u00a0\u00bb0px|0|0px|\u00a0\u00bb use_custom_width=\u00a0\u00bbon\u00a0\u00bb width_unit=\u00a0\u00bboff\u00a0\u00bb custom_width_percent=\u00a0\u00bb100%\u00a0\u00bb][et_pb_column type=\u00a0\u00bb1_2&Prime; _builder_version=\u00a0\u00bb3.25&Prime; custom_padding=\u00a0\u00bb200px|4%|200px|8%\u00a0\u00bb custom_padding_tablet=\u00a0\u00bb60px|10%|60px|10%\u00a0\u00bb custom_padding_phone=\u00a0\u00bb\u00a0\u00bb custom_padding_last_edited=\u00a0\u00bbon|tablet\u00a0\u00bb padding_tablet=\u00a0\u00bb60px|10%|60px|10%\u00a0\u00bb padding_last_edited=\u00a0\u00bbon|tablet\u00a0\u00bb custom_padding__hover=\u00a0\u00bb|||\u00a0\u00bb][et_pb_text _builder_version=\u00a0\u00bb4.4.8&Prime; text_font=\u00a0\u00bb||||||||\u00a0\u00bb header_font=\u00a0\u00bb||||||||\u00a0\u00bb header_3_font=\u00a0\u00bbKarla|700||on|||||\u00a0\u00bb header_3_text_color=\u00a0\u00bb#c2ab92&Prime; header_3_font_size=\u00a0\u00bb16px\u00a0\u00bb header_3_letter_spacing=\u00a0\u00bb1px\u00a0\u00bb background_layout=\u00a0\u00bbdark\u00a0\u00bb max_width=\u00a0\u00bb600px\u00a0\u00bb module_alignment=\u00a0\u00bbleft\u00a0\u00bb custom_margin=\u00a0\u00bb-35px||0px||false|false\u00a0\u00bb locked=\u00a0\u00bboff\u00a0\u00bb]<h3>ARCHITECTURE &amp; D\u00c9CORATION D&rsquo;INT\u00c9RIEUR<\/h3>[\/et_pb_text][et_pb_text _builder_version=\u00a0\u00bb3.27.4&Prime; text_font=\u00a0\u00bbKarla||||||||\u00a0\u00bb text_font_size=\u00a0\u00bb18px\u00a0\u00bb text_line_height=\u00a0\u00bb1.8em\u00a0\u00bb header_font=\u00a0\u00bbCormorant Garamond||||||||\u00a0\u00bb header_font_size=\u00a0\u00bb56px\u00a0\u00bb header_line_height=\u00a0\u00bb1.4em\u00a0\u00bb header_2_font=\u00a0\u00bb||||||||\u00a0\u00bb header_3_font=\u00a0\u00bb||||||||\u00a0\u00bb max_width=\u00a0\u00bb600px\u00a0\u00bb header_font_size_tablet=\u00a0\u00bb40px\u00a0\u00bb header_font_size_phone=\u00a0\u00bb\u00a0\u00bb header_font_size_last_edited=\u00a0\u00bbon|tablet\u00a0\u00bb locked=\u00a0\u00bboff\u00a0\u00bb inline_fonts=\u00a0\u00bbKarla\u00a0\u00bb]<h1><span style=\"font-family: Karla;\">L&rsquo;Infini D\u00e9co<\/span><\/h1>\n<p><span>D\u00e9coratrice d&rsquo;int\u00e9rieur <\/span><span>pour <\/span><span>particuliers et professionnels, je vous propose des solutions de bien-\u00eatre \u00e0 travers un nouvel <\/span><span>agencement de <\/span><span>votre espace, une d\u00e9coration qui vous ressemble et le suivi de la r\u00e9alisation des travaux<\/span><span>.\u00a0 Je <\/span><span>vous accompagne dans votre projet : r\u00e9alisation de plans 2D, vues 3D, planches d\u2019ambiance et mobilier, les possibilit\u00e9s sont <\/span><span>infinies !<\/span><\/p>[\/et_pb_text][\/et_pb_column][et_pb_column type=\u00a0\u00bb1_2&Prime; _builder_version=\u00a0\u00bb4.4.7&Prime; background_color=\u00a0\u00bb#121212&Prime; use_background_color_gradient=\u00a0\u00bbon\u00a0\u00bb background_color_gradient_start=\u00a0\u00bbrgba(18,18,18,0.5)\u00a0\u00bb background_color_gradient_end=\u00a0\u00bb#121212&Prime; background_color_gradient_overlays_image=\u00a0\u00bbon\u00a0\u00bb background_image=\u00a0\u00bbhttps:\/\/www.linfinideco.com\/wp-content\/uploads\/2020\/05\/01.jpg\u00a0\u00bb custom_padding=\u00a0\u00bb100px||100px|\u00a0\u00bb custom_padding_tablet=\u00a0\u00bb60px||60px|\u00a0\u00bb custom_padding_phone=\u00a0\u00bb\u00a0\u00bb custom_padding_last_edited=\u00a0\u00bbon|desktop\u00a0\u00bb padding_tablet=\u00a0\u00bb60px||60px|\u00a0\u00bb padding_last_edited=\u00a0\u00bbon|desktop\u00a0\u00bb custom_padding__hover=\u00a0\u00bb|||\u00a0\u00bb][et_pb_image src=\u00a0\u00bbhttps:\/\/www.linfinideco.com\/wp-content\/uploads\/2020\/06\/PCHPRO-202002231-PCHPRO2020031201-_DSC1910-2-1.jpg\u00a0\u00bb title_text=\u00a0\u00bbPCHPRO-202002231-PCHPRO2020031201-_DSC1910-2&Prime; align_tablet=\u00a0\u00bbcenter\u00a0\u00bb align_phone=\u00a0\u00bb\u00a0\u00bb align_last_edited=\u00a0\u00bbon|desktop\u00a0\u00bb admin_label=\u00a0\u00bbImage\u00a0\u00bb _builder_version=\u00a0\u00bb4.4.8&Prime; max_width=\u00a0\u00bb600px\u00a0\u00bb max_width_tablet=\u00a0\u00bb\u00a0\u00bb max_width_phone=\u00a0\u00bb\u00a0\u00bb max_width_last_edited=\u00a0\u00bbon|desktop\u00a0\u00bb custom_margin=\u00a0\u00bb|307px||-8%||\u00a0\u00bb custom_margin_tablet=\u00a0\u00bb60px|60px|60px|60px\u00a0\u00bb custom_margin_phone=\u00a0\u00bb\u00a0\u00bb custom_margin_last_edited=\u00a0\u00bbon|desktop\u00a0\u00bb custom_padding=\u00a0\u00bb|||\u00a0\u00bb animation_style=\u00a0\u00bbslide\u00a0\u00bb animation_direction=\u00a0\u00bbright\u00a0\u00bb animation_intensity_slide=\u00a0\u00bb4%\u00a0\u00bb animation_starting_opacity=\u00a0\u00bb50%\u00a0\u00bb box_shadow_style=\u00a0\u00bbpreset3&Prime; box_shadow_blur=\u00a0\u00bb80px\u00a0\u00bb][\/et_pb_image][\/et_pb_column][\/et_pb_row][\/et_pb_section][et_pb_section fb_built=\u00a0\u00bb1&Prime; admin_label=\u00a0\u00bbWelcome &#038; About Us\u00a0\u00bb _builder_version=\u00a0\u00bb3.22&Prime; background_color=\u00a0\u00bb#121212&Prime; custom_padding=\u00a0\u00bb2.6%|0px|2.6%|0px|true|\u00a0\u00bb][et_pb_row disabled_on=\u00a0\u00bboff|off|off\u00a0\u00bb _builder_version=\u00a0\u00bb4.4.7&Prime; min_height=\u00a0\u00bb24px\u00a0\u00bb custom_margin=\u00a0\u00bb16px|auto|2px|auto||\u00a0\u00bb locked=\u00a0\u00bboff\u00a0\u00bb][et_pb_column type=\u00a0\u00bb4_4&Prime; _builder_version=\u00a0\u00bb4.4.7&Prime; custom_padding=\u00a0\u00bb0px|0px|0px|0px|false|false\u00a0\u00bb][et_pb_text _builder_version=\u00a0\u00bb4.4.7&Prime;]<h1 style=\"text-align: center;\"><span style=\"color: #ffffff;\"><strong>MES DOMAINES D&rsquo;INTERVENTION<\/strong><\/span><\/h1>[\/et_pb_text][\/et_pb_column][\/et_pb_row][et_pb_row column_structure=\u00a0\u00bb1_3,1_3,1_3&Prime; _builder_version=\u00a0\u00bb4.4.7&Prime; custom_margin=\u00a0\u00bb||0px||false|false\u00a0\u00bb][et_pb_column type=\u00a0\u00bb1_3&Prime; _builder_version=\u00a0\u00bb3.25&Prime; custom_padding=\u00a0\u00bb|||\u00a0\u00bb custom_padding__hover=\u00a0\u00bb|||\u00a0\u00bb][et_pb_blurb title=\u00a0\u00bbR\u00e9novation &#038; Design de l\u2019espace\r\u00a0\u00bb image=\u00a0\u00bbhttps:\/\/www.linfinideco.com\/wp-content\/uploads\/2020\/04\/architecture-firm-01.png\u00a0\u00bb _builder_version=\u00a0\u00bb4.4.7&Prime; header_font=\u00a0\u00bbKarla||||||||\u00a0\u00bb header_font_size=\u00a0\u00bb21px\u00a0\u00bb header_line_height=\u00a0\u00bb1.8em\u00a0\u00bb body_font=\u00a0\u00bbKarla||||||||\u00a0\u00bb body_text_color=\u00a0\u00bbrgba(255,255,255,0.7)\u00a0\u00bb body_font_size=\u00a0\u00bb16px\u00a0\u00bb body_line_height=\u00a0\u00bb1.8em\u00a0\u00bb text_orientation=\u00a0\u00bbcenter\u00a0\u00bb background_layout=\u00a0\u00bbdark\u00a0\u00bb animation=\u00a0\u00bboff\u00a0\u00bb]<p style=\"text-align: justify;\"><span>Vous avez besoin de vous approprier les lieux d\u2019un appartement ou d\u2019une ancienne maison nouvellement acquis (se) ?<br \/><\/span><span style=\"font-size: 16px;\">Ou tout simplement vous ressentez l\u2019envie de red\u00e9couvrir les possibilit\u00e9s qu\u2019offrent vos espaces si connus ?<\/span><\/p>[\/et_pb_blurb][\/et_pb_column][et_pb_column type=\u00a0\u00bb1_3&Prime; _builder_version=\u00a0\u00bb3.25&Prime; custom_padding=\u00a0\u00bb|||\u00a0\u00bb custom_padding__hover=\u00a0\u00bb|||\u00a0\u00bb][et_pb_blurb title=\u00a0\u00bbConstructions neuves\r\u00a0\u00bb image=\u00a0\u00bbhttps:\/\/www.linfinideco.com\/wp-content\/uploads\/2020\/05\/architecture-firm-03_tof.png\u00a0\u00bb _builder_version=\u00a0\u00bb4.4.7&Prime; header_font=\u00a0\u00bbKarla||||||||\u00a0\u00bb header_font_size=\u00a0\u00bb21px\u00a0\u00bb header_line_height=\u00a0\u00bb1.8em\u00a0\u00bb body_font=\u00a0\u00bbKarla||||||||\u00a0\u00bb body_text_color=\u00a0\u00bbrgba(255,255,255,0.7)\u00a0\u00bb body_font_size=\u00a0\u00bb16px\u00a0\u00bb body_line_height=\u00a0\u00bb1.8em\u00a0\u00bb text_orientation=\u00a0\u00bbcenter\u00a0\u00bb background_layout=\u00a0\u00bbdark\u00a0\u00bb animation=\u00a0\u00bboff\u00a0\u00bb]<p style=\"text-align: justify;\"><\/p>\n<p style=\"text-align: justify;\"><span style=\"font-size: 16px;\"><\/span><\/p>\n<p style=\"text-align: justify;\"><span style=\"font-size: 16px;\">Vous cherchez \u00e0 donner du caract\u00e8re \u00e0 un achat immobilier acquis sur plan en d\u00e9limitant les espaces, cr\u00e9er des ambiances afin que ce lieu corresponde \u00e0 vos habitudes de vie ?<\/span><br \/><span><\/span><\/p>\n<p style=\"text-align: justify;\"><span><\/span><\/p>[\/et_pb_blurb][\/et_pb_column][et_pb_column type=\u00a0\u00bb1_3&Prime; _builder_version=\u00a0\u00bb3.25&Prime; custom_padding=\u00a0\u00bb|||\u00a0\u00bb custom_padding__hover=\u00a0\u00bb|||\u00a0\u00bb][et_pb_blurb title=\u00a0\u00bb100% D\u00e9co\r\u00a0\u00bb image=\u00a0\u00bbhttps:\/\/www.linfinideco.com\/wp-content\/uploads\/2020\/04\/architecture-firm-06.png\u00a0\u00bb _builder_version=\u00a0\u00bb4.4.9&Prime; header_font=\u00a0\u00bbKarla||||||||\u00a0\u00bb header_font_size=\u00a0\u00bb21px\u00a0\u00bb header_line_height=\u00a0\u00bb1.8em\u00a0\u00bb body_font=\u00a0\u00bbKarla||||||||\u00a0\u00bb body_text_color=\u00a0\u00bbrgba(255,255,255,0.7)\u00a0\u00bb body_font_size=\u00a0\u00bb16px\u00a0\u00bb body_line_height=\u00a0\u00bb1.8em\u00a0\u00bb text_orientation=\u00a0\u00bbcenter\u00a0\u00bb background_layout=\u00a0\u00bbdark\u00a0\u00bb animation=\u00a0\u00bboff\u00a0\u00bb]<p style=\"text-align: justify;\"><span style=\"font-size: 16px;\"><\/span><\/p>\n<p style=\"text-align: justify;\"><span style=\"font-size: 16px;\"><\/span><\/p>\n<p style=\"text-align: justify;\"><span style=\"font-size: 16px;\">Vous d\u00e9sirez\u00a0 redonner de la couleur \u00e0 vos murs ? Rev\u00eatir votre sol d\u2019un parquet ou d\u2019un carrelage tendance ? Vous \u00e9quiper de meubles fonctionnels et design ? Optimiser l\u2019\u00e9clairage ? Ou tout simplement vous avez besoin d\u2019un int\u00e9rieur qui vous ressemble ?<\/span><\/p>\n<p style=\"text-align: justify;\"><span><\/span><\/p>[\/et_pb_blurb][\/et_pb_column][\/et_pb_row][\/et_pb_section]\n","protected":false},"excerpt":{"rendered":"<p>ARCHITECTURE &amp; D\u00c9CORATION D&rsquo;INT\u00c9RIEURL&rsquo;Infini D\u00e9co D\u00e9coratrice d&rsquo;int\u00e9rieur pour particuliers et professionnels, je vous propose des solutions de bien-\u00eatre \u00e0 travers un nouvel agencement de votre espace, une d\u00e9coration qui vous ressemble et le suivi de la r\u00e9alisation des travaux.\u00a0 Je vous accompagne dans votre projet : r\u00e9alisation de plans 2D, vues 3D, planches d\u2019ambiance et [&hellip;]<\/p>\n","protected":false},"author":1,"featured_media":0,"parent":0,"menu_order":0,"comment_status":"closed","ping_status":"closed","template":"","meta":{"_et_pb_use_builder":"on","_et_pb_old_content":"","_et_gb_content_width":"","footnotes":""},"class_list":["post-66","page","type-page","status-publish","hentry"],"_links":{"self":[{"href":"https:\/\/www.linfinideco.com\/index.php?rest_route=\/wp\/v2\/pages\/66","targetHints":{"allow":["GET"]}}],"collection":[{"href":"https:\/\/www.linfinideco.com\/index.php?rest_route=\/wp\/v2\/pages"}],"about":[{"href":"https:\/\/www.linfinideco.com\/index.php?rest_route=\/wp\/v2\/types\/page"}],"author":[{"embeddable":true,"href":"https:\/\/www.linfinideco.com\/index.php?rest_route=\/wp\/v2\/users\/1"}],"replies":[{"embeddable":true,"href":"https:\/\/www.linfinideco.com\/index.php?rest_route=%2Fwp%2Fv2%2Fcomments&post=66"}],"version-history":[{"count":31,"href":"https:\/\/www.linfinideco.com\/index.php?rest_route=\/wp\/v2\/pages\/66\/revisions"}],"predecessor-version":[{"id":1395,"href":"https:\/\/www.linfinideco.com\/index.php?rest_route=\/wp\/v2\/pages\/66\/revisions\/1395"}],"wp:attachment":[{"href":"https:\/\/www.linfinideco.com\/index.php?rest_route=%2Fwp%2Fv2%2Fmedia&parent=66"}],"curies":[{"name":"wp","href":"https:\/\/api.w.org\/{rel}","templated":true}]}}