{"id":849,"date":"2020-07-09T16:23:26","date_gmt":"2020-07-09T16:23:26","guid":{"rendered":"https:\/\/www.linfinideco.com\/?page_id=849"},"modified":"2022-09-23T13:40:34","modified_gmt":"2022-09-23T13:40:34","slug":"cgv","status":"publish","type":"page","link":"https:\/\/www.linfinideco.com\/?page_id=849","title":{"rendered":"CGV"},"content":{"rendered":"<p>[et_pb_section fb_built=\u00a0\u00bb1&Prime; admin_label=\u00a0\u00bbHero Section\u00a0\u00bb _builder_version=\u00a0\u00bb4.16&Prime; custom_padding=\u00a0\u00bb0|0px|0px|0px\u00a0\u00bb global_colors_info=\u00a0\u00bb{}\u00a0\u00bb][et_pb_row make_equal=\u00a0\u00bbon\u00a0\u00bb _builder_version=\u00a0\u00bb4.16&Prime; width=\u00a0\u00bb100%\u00a0\u00bb max_width=\u00a0\u00bb100%\u00a0\u00bb custom_margin=\u00a0\u00bb|auto|-4px|auto||\u00a0\u00bb custom_padding=\u00a0\u00bb0px|0|0px|\u00a0\u00bb use_custom_width=\u00a0\u00bbon\u00a0\u00bb width_unit=\u00a0\u00bboff\u00a0\u00bb custom_width_percent=\u00a0\u00bb100%\u00a0\u00bb global_colors_info=\u00a0\u00bb{}\u00a0\u00bb][et_pb_column type=\u00a0\u00bb4_4&Prime; _builder_version=\u00a0\u00bb4.16&Prime; custom_padding=\u00a0\u00bb200px|8%|260px|8%\u00a0\u00bb custom_padding_tablet=\u00a0\u00bb80px|10%|80px|10%\u00a0\u00bb custom_padding_phone=\u00a0\u00bb\u00a0\u00bb custom_padding_last_edited=\u00a0\u00bbon|tablet\u00a0\u00bb global_colors_info=\u00a0\u00bb{}\u00a0\u00bb padding_tablet=\u00a0\u00bb80px|10%|80px|10%\u00a0\u00bb padding_last_edited=\u00a0\u00bbon|tablet\u00a0\u00bb custom_padding__hover=\u00a0\u00bb|||\u00a0\u00bb padding_phone=\u00a0\u00bb80px|10%|80px|10%\u00a0\u00bb][et_pb_text _builder_version=\u00a0\u00bb4.16&Prime; text_font=\u00a0\u00bb||||||||\u00a0\u00bb header_font=\u00a0\u00bb||||||||\u00a0\u00bb header_3_font=\u00a0\u00bbKarla|700||on|||||\u00a0\u00bb header_3_text_color=\u00a0\u00bb#c2ab92&Prime; header_3_font_size=\u00a0\u00bb16px\u00a0\u00bb header_3_letter_spacing=\u00a0\u00bb1px\u00a0\u00bb background_layout=\u00a0\u00bbdark\u00a0\u00bb max_width=\u00a0\u00bb600px\u00a0\u00bb module_alignment=\u00a0\u00bbleft\u00a0\u00bb custom_margin=\u00a0\u00bb||20px|\u00a0\u00bb locked=\u00a0\u00bboff\u00a0\u00bb global_colors_info=\u00a0\u00bb{}\u00a0\u00bb]<\/p>\n<h3>CONDITIONS G\u00c9N\u00c9RALES DE VENTE<\/h3>\n<p>[\/et_pb_text][et_pb_text _builder_version=\u00a0\u00bb4.16&Prime; text_font=\u00a0\u00bbKarla||||||||\u00a0\u00bb text_font_size=\u00a0\u00bb18px\u00a0\u00bb text_line_height=\u00a0\u00bb1.8em\u00a0\u00bb header_font=\u00a0\u00bbCormorant Garamond||||||||\u00a0\u00bb header_font_size=\u00a0\u00bb56px\u00a0\u00bb header_line_height=\u00a0\u00bb1.4em\u00a0\u00bb header_2_font=\u00a0\u00bb||||||||\u00a0\u00bb header_3_font=\u00a0\u00bb||||||||\u00a0\u00bb module_alignment=\u00a0\u00bbcenter\u00a0\u00bb header_font_size_tablet=\u00a0\u00bb40px\u00a0\u00bb header_font_size_phone=\u00a0\u00bb\u00a0\u00bb header_font_size_last_edited=\u00a0\u00bbon|tablet\u00a0\u00bb locked=\u00a0\u00bboff\u00a0\u00bb global_colors_info=\u00a0\u00bb{}\u00a0\u00bb]<\/p>\n<p><strong><u>Article 1\/ Domaine d\u2019application\u00a0:<\/u><\/strong><\/p>\n<p>Les conditions g\u00e9n\u00e9rales de ventes (ci-apr\u00e8s d\u00e9sign\u00e9e \u00ab CGV \u00bb), s\u2019appliquent de fa\u00e7on exclusive aux relations actuelles et futures existantes entre la soci\u00e9t\u00e9 L\u2019Infini D\u00e9co Sarl, Eurl enregistr\u00e9e au R.C.S. de Versailles au capital de 1000\u20ac dont le si\u00e8ge social se trouve au 3 bis rue du souvenir 78 600 Maisons-Laffitte (ci-apr\u00e8s d\u00e9sign\u00e9e \u00ab L\u2019Infini D\u00e9co \u00bb) et ses clients, particuliers ou professionnels, ci-apr\u00e8s \u00ab Le Client \u00bb.<\/p>\n<p>L\u2019Infini D\u00e9co peut-\u00eatre amen\u00e9e \u00e0 modifier certaines dispositions de ses CGV. Ces modifications sont opposables \u00e0 compter de leur remise contre signature au Client et ne peuvent s\u2019appliquer aux contrats conclus ant\u00e9rieurement. Le Client d\u00e9clare avoir la capacit\u00e9 juridique de contracter une telle prestation et confirme l\u2019exactitude des informations qu\u2019il renseigne, notamment concernant son identit\u00e9 et ses coordonn\u00e9es.<\/p>\n<p>Tout Client de L\u2019Infini D\u00e9co reconnait avoir pris connaissance des CGV avant d\u2019avoir accept\u00e9 le devis.<\/p>\n<p>Les CGV entrent en vigueur d\u00e8s la communication par L\u2019Infini D\u00e9co du devis au Client. Les CGV resteront en vigueur jusqu\u2019\u00e0 l\u2019extinction des obligations respectives de L\u2019Infini D\u00e9co et du Client.<\/p>\n<p>&nbsp;<\/p>\n<p><strong><u>Article 2\/ Description des prestations\u00a0: <\/u><\/strong><\/p>\n<p>La soci\u00e9t\u00e9 L\u2019Infini D\u00e9co propose \u00e0 son Client des choix de prestations qui varient selon ses attentes et ses besoins. Il pourra s\u2019agir de projets dits\u00a0:<\/p>\n<ul>\n<li>\u00ab\u00a0Cl\u00e9 en main\u00a0\u00bb comprenant la phase d\u2019\u00e9tude, la phase de cr\u00e9ativit\u00e9 et la phase de suivi esth\u00e9tique des travaux,<\/li>\n<li>\u00ab\u00a0A la carte\u00a0\u00bb\u00a0: par exemple (fractionnable ou cumulable)\u00a0: proposition d\u2019ambiance, plans 2D, Vues 3D, planche mobilier, accompagnement journ\u00e9e shopping, croquis, shopping list, meubles sur mesure, relev\u00e9 des mesures, suivi esth\u00e9tique des travaux, benchmark d\u00e9co, etc\u2026<\/li>\n<li>\u00ab\u00a0Relooking d\u2019int\u00e9rieur \/ coaching D\u00e9co\u00a0\u00bb\u00a0(sur une journ\u00e9e ou \u00bd journ\u00e9e)\u00a0: conseils en am\u00e9nagement, couleurs, mat\u00e9riaux, lumi\u00e8re, mobilier ;<\/li>\n<li>\u00ab\u00a0Home staging r\u00e9el et ou virtuel\u00a0\u00bb (sur une journ\u00e9e ou \u00bd journ\u00e9e)\u00a0: conseils pour la mise en valeur d\u2019un bien en vue de sa vente.<\/li>\n<\/ul>\n<p>En amont de ces choix, le \u00ab\u00a0Premier RDV\u00a0\u00bb, indispensable, se tiendra entre L\u2019Infini D\u00e9co et son Client. Au cours de celui-ci les besoins et les attentes du Client seront identifi\u00e9s. A l\u2019issue de cet entretien, le type de prestation sera d\u00e9termin\u00e9 et un devis sera soumis quelques jours plus tard.<\/p>\n<p>Dans le cadre de ces prestations, le livrable sera r\u00e9alis\u00e9 en fonction du mode de vie, des envies et du budget du Client. Ces documents sont des propositions d\u2019id\u00e9es d\u2019am\u00e9nagement mais ne sont pas des plans techniques, ni des plans d\u2019ex\u00e9cution. La soci\u00e9t\u00e9 L\u2019Infini D\u00e9co n\u2019\u00e9tant pas un bureau d\u2019\u00e9tude ou d\u2019architecture, les clients qui r\u00e9alisent eux-m\u00eames leurs travaux sont tenus de v\u00e9rifier les c\u00f4tes. La soci\u00e9t\u00e9 ne peut, en aucun cas, \u00eatre tenue pour responsable en cas de mauvaises cotations. Le projet d\u2019am\u00e9nagement doit \u00eatre valid\u00e9 par les artisans comp\u00e9tents ou par tout professionnel du b\u00e2timent.<\/p>\n<p>Le projet final sera rendu sous, environ, vingt jours ouvr\u00e9s. Le d\u00e9lai d\u00e9pendra de la complexit\u00e9 du projet et pourra \u00eatre plus long ou plus court. Il sera confirm\u00e9 par L\u2019Infini D\u00e9co lors de la remise du devis.<\/p>\n<p>A l\u2019issue de la pr\u00e9sentation finale du projet, le Client pourra formuler des demandes de modifications non substantielles et raisonnables. En effet, il ne s\u2019agira pas de r\u00e9aliser un nouveau projet. Mais des \u00e9volutions telles que des variantes en mobilier ou en peinture pourront \u00eatre apport\u00e9es. Celles-ci ne pourront faire l\u2019objet de nouvelles vues 3D.\u00a0 Le client doit r\u00e9aliser cette demande dans un d\u00e9lai de quinze jours apr\u00e8s la remise finale du Book.<\/p>\n<p>Toute commande pass\u00e9e par le Client aupr\u00e8s de tiers pour acheter du mobilier, des luminaires ou des accessoires figurant sur la liste d\u2019achat n\u2019engage nullement la responsabilit\u00e9 de la soci\u00e9t\u00e9 L\u2019Infini D\u00e9co en cas de manquements contractuels, retards, malfa\u00e7ons et vices cach\u00e9s imputables aux tiers auxquels le Client ferait appel. Le Client est tenu par ailleurs de v\u00e9rifier toutes les c\u00f4tes avant toutes commandes aupr\u00e8s d\u2019un tiers.<\/p>\n<p><strong><u>Article 3\/ Obligations de la soci\u00e9t\u00e9 L\u2019Infini D\u00e9co\u00a0:<\/u><\/strong><\/p>\n<p>Les prestations donnent lieu \u00e0 l&rsquo;\u00e9tablissement d&rsquo;un devis pr\u00e9alable par l\u2019Infini D\u00e9co. Le devis mentionne le prix de la prestation, d\u00e9termin\u00e9 par r\u00e9f\u00e9rence \u00e0 un forfait ou \u00e0 un bar\u00e8me de temps. Il engage la soci\u00e9t\u00e9 L\u2019Infini D\u00e9co pour une dur\u00e9e de 30 jours \u00e0 compter de sa date d&rsquo;\u00e9mission ; pass\u00e9 ce d\u00e9lai, il est nul et non avenu.<\/p>\n<p>La soci\u00e9t\u00e9 L\u2019Infini D\u00e9co s\u2019engage \u00e0 tout mettre en \u0153uvre pour apporter satisfaction \u00e0 son Client. Une fois la prestation fournie, celui-ci ne pourra opposer \u00e0 la soci\u00e9t\u00e9 L\u2019Infini D\u00e9co des arguments subjectifs (de go\u00fbt) pour justifier le recommencement de ces livrables ou le refus du paiement des prestations pour lesquelles il s\u2019est engag\u00e9. Toutefois, de mani\u00e8re exceptionnelle, \u00e0 la demande du Client et \u00e0 l\u2019appr\u00e9ciation de la soci\u00e9t\u00e9 L\u2019Infini D\u00e9co, des ajustements pourront \u00eatre apport\u00e9es aux documents remis dans la limite de deux propositions.<\/p>\n<p>&nbsp;<\/p>\n<p><strong><u>Article 4\/ Description de l&rsquo;offre de prix\u00a0:<\/u><\/strong><\/p>\n<p>L\u2019Infini D\u00e9co propose des prestations adapt\u00e9es aux attentes et besoins du client. Pour les prestations dont les tarifications sont bas\u00e9es sur le temps pass\u00e9, celles-ci sont pr\u00e9cis\u00e9es \u00e0 titre indicatif et n\u2019ont pas de valeur contractuelle.<\/p>\n<p>Les d\u00e9placements sont compris dans les forfaits d\u00e8s lors que la distance entre le si\u00e8ge social de L\u2019infini D\u00e9co et le lieu de r\u00e9alisation des prestations est inf\u00e9rieure ou \u00e9gale \u00e0 30 km. Pour une distance sup\u00e9rieure \u00e0 cette limite, les d\u00e9placements seront factur\u00e9s \u00e0 partir du si\u00e8ge social de selon le bar\u00e8me des indemnit\u00e9s kilom\u00e9triques en vigueur et p\u00e9ages. Ce type de d\u00e9placement peut faire l\u2019objet d\u2019un r\u00e8glement imm\u00e9diat par ch\u00e8que, par virement bancaire ou esp\u00e8ces avec remise de facture.<\/p>\n<p>L\u2019Infini D\u00e9co se r\u00e9serve le droit de modifier les prix des prestations sans pr\u00e9avis. Une telle modification des prix ne s\u2019appliquera pas aux devis en cours de r\u00e9alisation, \u00e0 ceux accept\u00e9s ou \u00e0 ceux \u00e9mis depuis moins de 30 jours.<\/p>\n<p>&nbsp;<\/p>\n<p><strong><u>Article 5\/ Obligations du Client\u00a0:<\/u><\/strong><\/p>\n<p>Toute prestation command\u00e9e par le Client doit faire l\u2019objet d\u2019un devis personnalis\u00e9 qui sera \u00e9tabli en fonction des besoins et contraintes rencontr\u00e9s et qui sera re\u00e7u avant ex\u00e9cution des travaux. En cas d\u2019acceptation du devis par le Client, ce dernier devra le dater, le signer et l\u2019accompagner d\u2019un paiement d\u2019un montant correspondant \u00e0 50% du devis. \u00a0<\/p>\n<p>D\u00e8s la signature du devis, le Client s&rsquo;engage \u00e0 :<\/p>\n<p>1 &#8211; Mettre \u00e0 disposition de la soci\u00e9t\u00e9 L\u2019Infini D\u00e9co, dans les d\u00e9lais n\u00e9cessaires, l\u2019ensemble des documents et informations indispensables \u00e0 la bonne ex\u00e9cution des prestations.<\/p>\n<p>2 &#8211; Laisser un acc\u00e8s suffisant \u00e0 la soci\u00e9t\u00e9 L\u2019Infini D\u00e9co aux locaux objets du devis afin que puisse se r\u00e9aliser la prestation.<\/p>\n<p>3 &#8211; Autoriser la soci\u00e9t\u00e9 L\u2019Infini D\u00e9co dans le cadre de la prestation, \u00e0 d\u00e9placer tout objet si n\u00e9cessaire se trouvant dans les locaux \u00e0 l&rsquo;exclusion de ceux que le Client aura \u00e9ventuellement fait pr\u00e9ciser au devis avant signature. Il est entendu que le terme \u00ab Objet \u00bb inclus de mani\u00e8re non limitative, tout \u00e9l\u00e9ment de mobilier, garde-manger, placards, tiroirs ainsi que leur contenu, tableaux et d\u00e9corations diverses.<\/p>\n<p>4 &#8211; A verser \u00e0 la soci\u00e9t\u00e9 L\u2019Infini D\u00e9co le montant indiqu\u00e9 sur le devis conform\u00e9ment aux modalit\u00e9s de paiement pr\u00e9cis\u00e9es sur le devis.<\/p>\n<p>En cas de demande expresse de la part du Client, toute commande de mobilier r\u00e9alis\u00e9e par la soci\u00e9t\u00e9 L\u2019Infini D\u00e9co, doit \u00eatre r\u00e9gl\u00e9e par le Client lequel s\u2019engage \u00e0 verser le montant d\u00fb avant l\u2019achat de ces derniers par la soci\u00e9t\u00e9 L\u2019Infini D\u00e9co, soit par virement ou par ch\u00e8que (voir mode de paiement ci-apr\u00e8s). Une facture sera remise au Client.<\/p>\n<p>&nbsp;<\/p>\n<p><strong><u>Article 6\/ R\u00e8glement et Modes de Paiement\u00a0:<\/u><\/strong><\/p>\n<p>Sauf pour les prestations de conseils telles que une ou plusieurs prestations contenues dans le projet dit \u00ab\u00a0A la carte\u00a0\u00bb, \u00ab\u00a0Relooking d\u2019int\u00e9rieur\/ coaching d\u00e9co\u00a0\u00bb ou \u00ab\u00a0Home Staging\u00a0\u00bb vis\u00e9es \u00e0 l\u2019Article 7 ci-apr\u00e8s, le r\u00e8glement des prestations s\u2019effectue selon les modalit\u00e9s suivantes\u00a0:<\/p>\n<ul>\n<li>50% du montant \u00e0 l\u2019acceptation du devis\u00a0;<\/li>\n<li>50% \u00e0 la fin de la prestation.<\/li>\n<\/ul>\n<p>Dans le cas o\u00f9 le paiement \u00e0 l\u2019acceptation du devis se r\u00e9v\u00e9lerait incomplet ou inexistant, pour quelque raison que ce soit, L\u2019Infini D\u00e9co se r\u00e9serve le droit de suspendre toute commande.<\/p>\n<p>Toute acceptation du devis n\u2019est retenue contraignante \u00e0 l\u2019\u00e9gard de L\u2019Infini D\u00e9co qu\u2019\u00e0 compter de la date \u00e0 laquelle le r\u00e8glement du montant d\u2019acceptation du devis est parvenu \u00e0 L\u2019Infini D\u00e9co.<\/p>\n<p>Le Client garantit \u00e0 L\u2019Infini D\u00e9co qu&rsquo;il dispose des autorisations \u00e9ventuellement n\u00e9cessaires pour utiliser le mode de paiement qu&rsquo;il aura choisi, lors de la signature du devis.<\/p>\n<p>Le Client peut alors r\u00e9gler sa commande :<\/p>\n<p>&#8211;\u00a0\u00a0\u00a0\u00a0\u00a0\u00a0\u00a0\u00a0\u00a0\u00a0 Par ch\u00e8que\u00a0: suite \u00e0 la signature d\u2019un devis libell\u00e9 \u00e0 l\u2019ordre de \u00ab L\u2019Infini D\u00e9co Sarl\u00bb. Seuls les ch\u00e8ques libell\u00e9s en euros et tir\u00e9s sur un \u00e9tablissement bancaire en fran\u00e7ais seront accept\u00e9s. La r\u00e9alisation de votre prestation se fera une fois que la banque aura port\u00e9 votre r\u00e8glement au cr\u00e9dit de notre compte. La soci\u00e9t\u00e9 L\u2019Infini D\u00e9co pourra \u00eatre amen\u00e9e \u00e0 demander une photocopie de la pi\u00e8ce d&rsquo;identit\u00e9 de l&rsquo;acheteur, ou de refuser un paiement si le nom de l&rsquo;\u00e9metteur de la commande est diff\u00e9rent de celui apparaissant sur le ch\u00e8que re\u00e7u.<\/p>\n<p>&#8211;\u00a0\u00a0\u00a0\u00a0\u00a0\u00a0\u00a0\u00a0\u00a0\u00a0 Par virement bancaire\u00a0: La r\u00e9alisation de votre prestation se fera une fois que notre banque aura port\u00e9 votre r\u00e8glement au cr\u00e9dit de notre compte \u00a0dont les coordonn\u00e9es seront communiqu\u00e9es par RIB.<\/p>\n<p>&#8211;\u00a0 \u00a0 \u00a0 \u00a0 \u00a0 \u00a0En esp\u00e8ce\u00a0: en cas de d\u00e9faut de paiement, le Client sera mit en contentieux et tous les frais de r\u00e9cup\u00e9ration des sommes dues seront \u00e0 sa charge.<\/p>\n<p>Une facture globale sera \u00e9mise \u00e0 la deuxi\u00e8me et derni\u00e8re \u00e9ch\u00e9ance vers\u00e9e.<\/p>\n<p>&nbsp;<\/p>\n<p><strong><u>Article 7\/ Paiement des prestations de conseils:<\/u><\/strong><\/p>\n<p>Le paiement des prestations de la soci\u00e9t\u00e9 L\u2019Infini D\u00e9co s\u2019effectue selon les modalit\u00e9s suivantes : lorsque l\u2019intervention de la soci\u00e9t\u00e9 consiste en une ou plusieurs prestations contenues dans le projet dit \u00ab\u00a0A la carte\u00a0\u00bb, \u00ab\u00a0un forfait Relooking d\u2019int\u00e9rieur\/ coaching d\u00e9co\u00a0\u00bb ou \u00ab\u00a0un Home Staging\u00a0\u00bb, le montant de la prestation est d\u00fb\u00a0:<\/p>\n<p>-soit int\u00e9gralement le jour de l\u2019acceptation du devis,<\/p>\n<p>-soit 50% lors de l\u2019acceptation du devis et les 50% restants le jour de l\u2019intervention.<\/p>\n<p>Lorsque l\u2019intervention consiste en une prestation \u00e0 plusieurs \u00e9tapes, les modalit\u00e9s de r\u00e8glement seront indiqu\u00e9es sur le devis. Aucune r\u00e9serve ne pourra \u00eatre \u00e9mise pour le paiement des prestations de conseil.<\/p>\n<p>Une facture sera \u00e9mise au r\u00e8glement de ces prestations.<\/p>\n<p>&nbsp;<\/p>\n<p><strong><u>Article 8\/ R\u00e9serves et P\u00e9nalit\u00e9s\u00a0:<\/u><\/strong><\/p>\n<p>Sauf dans le cas des prestations de conseil pour lesquelles aucune r\u00e9serve ne peut \u00eatre \u00e9mise, si le Client souhaite \u00e9mettre des r\u00e9serves \u00e0 la r\u00e9ception de la r\u00e9alisation, celles-ci devront \u00eatre pr\u00e9cis\u00e9es sur la facture. Les r\u00e9serves ne pourront bloquer le r\u00e8glement du solde \u00e0 r\u00e9ception de la prestation.<\/p>\n<p>Toute somme non pay\u00e9e \u00e0 l\u2019\u00e9ch\u00e9ance donnera lieu au paiement, par le Client, de p\u00e9nalit\u00e9s fix\u00e9es \u00e0 3 fois le taux d\u2019int\u00e9r\u00eat l\u00e9gal en vigueur en France ainsi qu\u2019une indemnit\u00e9 forfaitaire de 40\u20ac au titre des frais de recouvrement par l\u2019article L441-3 du Code de Commerce.<\/p>\n<p>&nbsp;<\/p>\n<p>Nos conditions g\u00e9n\u00e9rales de vente ne pr\u00e9voient pas d&rsquo;escompte pour paiement anticip\u00e9.<\/p>\n<p>&nbsp;<\/p>\n<p>En application de l\u2019article L.441-6 du Code du Commerce, ces p\u00e9nalit\u00e9s sont exigibles de plein droit sur simple demande de la soci\u00e9t\u00e9. En outre, la soci\u00e9t\u00e9 L\u2019Infini D\u00e9co se r\u00e9serve la facult\u00e9 de saisir le tribunal comp\u00e9tent afin que celui-ci fasse cesser cette inex\u00e9cution, sous astreinte par jour de retard.<\/p>\n<p>Tous frais inh\u00e9rents aux recouvrements de la cr\u00e9ance seront \u00e0 la charge du Client.<\/p>\n<p>Enfin toute tentative d&rsquo;utilisation frauduleuse d&rsquo;un moyen de paiement fera l&rsquo;objet de poursuites judiciaires.<\/p>\n<p><strong><u>Article 9\/ Responsabilit\u00e9s et limites\u00a0:<\/u><\/strong><\/p>\n<p>La soci\u00e9t\u00e9 L\u2019Infini D\u00e9co n&rsquo;a pas la responsabilit\u00e9 d&rsquo;un entrepreneur g\u00e9n\u00e9ral. Elle a une responsabilit\u00e9 civile mais non d\u00e9cennale. Elle n\u2019est ni ma\u00eetre d\u2019\u0153uvre, ni ma\u00eetre d\u2019ouvrage dans la r\u00e9alisation des travaux et, \u00e0 ce titre, n\u2019engage pas sa responsabilit\u00e9 contractuelle.<\/p>\n<p>Son intervention consiste en la mise en relation avec des prestataires qualifi\u00e9s du secteur de la d\u00e9coration et du b\u00e2timent. Elle ne saurait \u00eatre tenue responsable des prestataires retenus directement par le Client, m\u00eame r\u00e9f\u00e9renc\u00e9s par La soci\u00e9t\u00e9 L\u2019Infini D\u00e9co. Le Client contracte librement et directement avec chaque prestataire.<\/p>\n<p>Toutes les garanties l\u00e9gales ou contractuelles offertes au Client dans le cadre de la r\u00e9alisation de travaux le sont directement par les prestataires concern\u00e9s. Lorsque La soci\u00e9t\u00e9 L\u2019Infini D\u00e9co intervient sur le suivi esth\u00e9tique des r\u00e9alisations, tout manquement contractuel, retard, malfa\u00e7on ou vice cach\u00e9, imputable \u00e0 un tiers ne saurait en aucun cas lui \u00eatre reproch\u00e9 et engager sa responsabilit\u00e9. En cas de litige, le Client ne pourra se retourner que vers le prestataire incrimin\u00e9. L\u2019Infini D\u00e9co recommande \u00e0 ses Clients de souscrire \u00e0 une assurance dommage ouvrage (DO) avant le d\u00e9marrage d\u2019un chantier, conform\u00e9ment \u00e0 la loi du 4 janvier 1978.<\/p>\n<p><strong><u>Article 10\/ R\u00e9alisations et reproductions\u00a0:<\/u><\/strong><\/p>\n<p>La soci\u00e9t\u00e9 L\u2019Infini D\u00e9co est propri\u00e9taire des croquis, visuels et illustrations r\u00e9alis\u00e9s dans le cadre de ses prestations chez le Client ou tout autre lieu d\u2019intervention. Le Client autorise la soci\u00e9t\u00e9 L\u2019Infini D\u00e9co via l\u2019acceptation des CGV \u00e0 la prise de photos avant et apr\u00e8s la r\u00e9alisation de la prestation de L\u2019Infini D\u00e9co \u00e0 des fins promotionnelles. La soci\u00e9t\u00e9 L\u2019Infini D\u00e9co pourra reproduire et modifier les photos et les illustrations en fonction des besoins et les exploiter sur tous les supports possibles (diffusion internet, catalogues ou autres supports commerciaux) existants et \u00e0 venir. La soci\u00e9t\u00e9 L\u2019Infini D\u00e9co s\u2019engage \u00e0 pr\u00e9server l\u2019identit\u00e9 du lieu et l\u2019identit\u00e9 du client.<\/p>\n<p><strong><u>\u00a0<\/u><\/strong><\/p>\n<p><strong><u>Article 11\/ Propri\u00e9t\u00e9 intellectuelle\u00a0:<\/u><\/strong><\/p>\n<p>La soci\u00e9t\u00e9 L\u2019Infini D\u00e9co conserve la propri\u00e9t\u00e9 pleine et enti\u00e8re de l\u2019image du projet r\u00e9alis\u00e9 au titre du droit d\u2019auteur ainsi qu\u2019au titre de la propri\u00e9t\u00e9 intellectuelle. A ce titre, seule l\u2019utilisation pour un usage priv\u00e9 est autoris\u00e9e.<\/p>\n<p>De ce fait, le Client devra informer la soci\u00e9t\u00e9 L\u2019Infini D\u00e9co de toute publication, tournage, reportage, utilisation de l\u2019image des travaux,&#8230; suite aux plans, croquis, 3D de la soci\u00e9t\u00e9 L\u2019Infini D\u00e9co.<\/p>\n<p><strong><u>Article 12\/ Droit de r\u00e9tractation\u00a0:<\/u><\/strong><\/p>\n<p>A compter de la date de la commande (signature du devis) et conform\u00e9ment \u00e0 la l\u00e9gislation en vigueur, vous disposez d\u2019un d\u00e9lai de quatorze jours pour faire valoir votre droit de r\u00e9tractation aupr\u00e8s de la soci\u00e9t\u00e9 L\u2019Infini D\u00e9co. Pour ce faire, vous devez faire parvenir dans ce d\u00e9lai (cachet de la poste faisant foi) une lettre recommand\u00e9e avec accus\u00e9 de r\u00e9ception, indiquant votre intention de vous r\u00e9tracter, \u00e0 l\u2019adresse suivante : 3 bis rue du souvenir 78600 Maisons-Laffitte.<\/p>\n<p>Le remboursement du montant vers\u00e9 \u00e0 la commande sera effectu\u00e9 au plus tard dans les 30 jours suivant la r\u00e9ception de la lettre. Cette pr\u00e9sente disposition ne s\u2019applique qu\u2019aux particuliers.<\/p>\n<p>Pour les produits\/meubles relook\u00e9s et confectionn\u00e9s \u00e0 la demande selon des sp\u00e9cifications du Client ou personnalis\u00e9s, le Client ne b\u00e9n\u00e9ficie d&rsquo;aucun droit de r\u00e9tractation une fois les produits\/meubles modifi\u00e9s (Article L 121-20-2 du code de la consommation).<\/p>\n<p><strong><u>Article 13\/ Annulation, report et modification\u00a0:<\/u><\/strong><\/p>\n<p>En dehors de votre droit de r\u00e9tractation, toute demande de report ou de modification de commande est soumise \u00e0 l&rsquo;accord de la soci\u00e9t\u00e9 L\u2019Infini D\u00e9co.<\/p>\n<p>En cas d&rsquo;annulation par le Client, toute prestation engag\u00e9e au titre d&rsquo;un devis accept\u00e9 devra \u00eatre pay\u00e9e int\u00e9gralement.<\/p>\n<p>Si le Client n&rsquo;est pas pr\u00e9sent lors du Premier RDV ou qu&rsquo;il n&rsquo;a pas pr\u00e9venu 24 heures minimum avant, le paiement de celui-ci sera d\u00fb \u00e0 la soci\u00e9t\u00e9 L\u2019Infini D\u00e9co pour les frais de d\u00e9placement. A cela peut s&rsquo;ajouter des frais suppl\u00e9mentaires dus \u00e0 l&rsquo;\u00e9loignement (calcul sur la base du bar\u00e8me kilom\u00e9trique en vigueur).<\/p>\n<p><strong><u>Article 14\/ Donn\u00e9es nominatives\u00a0:<\/u><\/strong><\/p>\n<p>Le Client b\u00e9n\u00e9ficie d&rsquo;un droit d&rsquo;acc\u00e8s, de modification, de rectification et de suppression des donn\u00e9es qui le concernent conform\u00e9ment aux dispositions de la loi \u00ab\u00a0Informatique et Libert\u00e9s\u00a0\u00bb du 6 janvier 1978 qu\u2019il peut exercer \u00e0 tout moment \u00e0 l\u2019adresse suivante : L\u2019Infini D\u00e9co Sarl 3 bis rue du souvenir 78600 Maisons-Laffitte, France ou en appelant au le 07 86 50 80 56 ou par email \u00e0 <span><a href=\"mailto:contact@linfinideco.fr\">contact@linfinideco.com<\/a><\/span><\/p>\n<p>&nbsp;<\/p>\n<p><strong><u>Article 15\/ Loi applicable et tribunal\u00a0: <\/u><\/strong><\/p>\n<p>La soci\u00e9t\u00e9 L\u2019Infini D\u00e9co est une entreprise de droit fran\u00e7ais. La loi applicable aux relations contractuelles avec les clients est la loi fran\u00e7aise. En cas de d\u00e9saccord entre les parties, chacune fera all\u00e9geance pour r\u00e9gler le diff\u00e9rent \u00e0 l\u2019amiable.<\/p>\n<p>Si le litige persiste entre deux professionnels, le tribunal comp\u00e9tent sera celui du si\u00e8ge de la soci\u00e9t\u00e9 L\u2019Infini D\u00e9co.<\/p>\n<p>Fait le\u2026\u2026\u2026\u2026\u2026\u2026\u2026\u2026\u2026\u2026\u2026.\u00e0\u2026\u2026\u2026\u2026\u2026\u2026\u2026\u2026\u2026\u2026\u00a0<\/p>\n<p>Nom, Pr\u00e9nom, adresse et signature du Client pr\u00e9c\u00e9d\u00e9s de la mention \u00ab\u00a0Lu et approuv\u00e9, bon pour accord\u00a0\u00bb\u00a0:<\/p>\n<p>&nbsp;<\/p>\n<p>[\/et_pb_text][\/et_pb_column][\/et_pb_row][\/et_pb_section]<\/p>\n","protected":false},"excerpt":{"rendered":"<p>CONDITIONS G\u00c9N\u00c9RALES DE VENTEArticle 1\/ Domaine d\u2019application\u00a0: Les conditions g\u00e9n\u00e9rales de ventes (ci-apr\u00e8s d\u00e9sign\u00e9e \u00ab CGV \u00bb), s\u2019appliquent de fa\u00e7on exclusive aux relations actuelles et futures existantes entre la soci\u00e9t\u00e9 L\u2019Infini D\u00e9co Sarl, Eurl enregistr\u00e9e au R.C.S. de Versailles au capital de 1000\u20ac dont le si\u00e8ge social se trouve au 3 bis rue du souvenir [&hellip;]<\/p>\n","protected":false},"author":1,"featured_media":0,"parent":0,"menu_order":0,"comment_status":"closed","ping_status":"closed","template":"","meta":{"_et_pb_use_builder":"on","_et_pb_old_content":"","_et_gb_content_width":"","footnotes":""},"class_list":["post-849","page","type-page","status-publish","hentry"],"_links":{"self":[{"href":"https:\/\/www.linfinideco.com\/index.php?rest_route=\/wp\/v2\/pages\/849","targetHints":{"allow":["GET"]}}],"collection":[{"href":"https:\/\/www.linfinideco.com\/index.php?rest_route=\/wp\/v2\/pages"}],"about":[{"href":"https:\/\/www.linfinideco.com\/index.php?rest_route=\/wp\/v2\/types\/page"}],"author":[{"embeddable":true,"href":"https:\/\/www.linfinideco.com\/index.php?rest_route=\/wp\/v2\/users\/1"}],"replies":[{"embeddable":true,"href":"https:\/\/www.linfinideco.com\/index.php?rest_route=%2Fwp%2Fv2%2Fcomments&post=849"}],"version-history":[{"count":6,"href":"https:\/\/www.linfinideco.com\/index.php?rest_route=\/wp\/v2\/pages\/849\/revisions"}],"predecessor-version":[{"id":1417,"href":"https:\/\/www.linfinideco.com\/index.php?rest_route=\/wp\/v2\/pages\/849\/revisions\/1417"}],"wp:attachment":[{"href":"https:\/\/www.linfinideco.com\/index.php?rest_route=%2Fwp%2Fv2%2Fmedia&parent=849"}],"curies":[{"name":"wp","href":"https:\/\/api.w.org\/{rel}","templated":true}]}}